{"id":2331,"date":"2023-11-20T15:00:03","date_gmt":"2023-11-20T14:00:03","guid":{"rendered":"https:\/\/sadarbitrazowy.org.pl\/en\/?page_id=2331"},"modified":"2025-05-10T20:20:03","modified_gmt":"2025-05-10T18:20:03","slug":"aleksandra-auleytner","status":"publish","type":"page","link":"https:\/\/sadarbitrazowy.org.pl\/en\/court-of-arbitration\/list-of-recommended-arbitrators-for-the-creative-market-and-culture\/aleksandra-auleytner\/","title":{"rendered":"Aleksandra Auleytner"},"content":{"rendered":"\n  <div id=\"page-header-1572183491\" class=\"page-header-wrapper\">\n  <div class=\"page-title dark featured-title\">\n\n        <div class=\"page-title-bg\">\n      <div class=\"title-bg fill bg-fill\"\n        data-parallax-container=\".page-title\"\n        data-parallax-background\n        data-parallax=\"-\">\n      <\/div>\n      <div class=\"title-overlay fill\"><\/div>\n    <\/div>\n    \n    <div class=\"page-title-inner container align-bottom flex-row medium-flex-wrap\" >\n              <div class=\"title-wrapper is-xlarge flex-col text-left medium-text-center\">\n          <h1 class=\"entry-title mb-0\">\n            Aleksandra Auleytner          <\/h1>\n        <\/div>\n                    <div class=\"title-content flex-col flex-right text-right medium-text-center\">\n        <div class=\"title-breadcrumbs pb-half pt-half\"><\/div>      <\/div>\n    <\/div>\n\n     \n<style>\n#page-header-1572183491 .page-title-inner {\n  min-height: 22vh;\n}\n#page-header-1572183491 {\n  margin-bottom: 10px;\n}\n#page-header-1572183491 .title-bg {\n  background-image: url(https:\/\/sadarbitrazowy.org.pl\/en\/wp-content\/uploads\/sites\/4\/2022\/09\/IMG_20220928_124557-scaled.jpg);\n  background-position: 0% 25%;\n}\n#page-header-1572183491 .title-overlay {\n  background-color: rgba(0, 0, 0, 0.3);\n}\n#page-header-1572183491 .featured-title {\n  background-color: rgb(0,0,0);\n}\n<\/style>\n  <\/div>\n    <\/div>\n  \n\n<div class=\"row row-collapse\"  id=\"row-1726695068\">\n\n\n\t<div id=\"col-1857610266\" class=\"col hide-for-small medium-1 small-12 large-3\"  >\n\t\t\t\t<div class=\"col-inner\"  >\n\t\t\t\n\t\t\t\n\n\n\t\t<\/div>\n\t\t\t\t\t<\/div>\n\n\t\n\n\t<div id=\"col-61434306\" class=\"col medium-10 small-12 large-8\"  >\n\t\t\t\t<div class=\"col-inner\"  >\n\t\t\t\n\t\t\t\n\n\n\n<div class=\"aioseo-breadcrumbs\"><span class=\"aioseo-breadcrumb\">\n\tHomepage\n<\/span><\/div>\n\n\n\t\t<\/div>\n\t\t\t\t\t<\/div>\n\n\t\n\n\t<div id=\"col-1996328991\" class=\"col hide-for-small medium-1 small-12 large-1\"  >\n\t\t\t\t<div class=\"col-inner\"  >\n\t\t\t\n\t\t\t\n\n\n\t\t<\/div>\n\t\t\t\t\t<\/div>\n\n\t\n\n<\/div>\n\t<div id=\"gap-216943378\" class=\"gap-element clearfix\" style=\"display:block; height:auto;\">\n\t\t\n<style>\n#gap-216943378 {\n  padding-top: 80px;\n}\n<\/style>\n\t<\/div>\n\t\n\n<div class=\"row row-collapse align-center\"  id=\"row-1043018560\">\n\n\n\t<div id=\"col-1396896674\" class=\"col hide-for-small medium-1 small-12 large-3\"  >\n\t\t\t\t<div class=\"col-inner\"  >\n\t\t\t\n\t\t\t\n\n\n\t\t<\/div>\n\t\t\t\t\t<\/div>\n\n\t\n\n\t<div id=\"col-1029906078\" class=\"col arbiter-tabela medium-10 small-12 large-8\"  >\n\t\t\t\t<div class=\"col-inner\"  >\n\t\t\t\n\t\t\t\n\n<div class=\"row row-collapse\"  id=\"row-994146956\">\n\n\n\t<div id=\"col-994820188\" class=\"col medium-9 small-12 large-9\"  >\n\t\t\t\t<div class=\"col-inner\"  >\n\t\t\t\n\t\t\t\n\n<div class=\"row row-collapse\"  id=\"row-1300141555\">\n\n\n\t<div id=\"col-1141140194\" class=\"col small-6 large-12\"  >\n\t\t\t\t<div class=\"col-inner\"  >\n\t\t\t\n\t\t\t\n\n<h2>Aleksandra Auleytner<\/h2>\n\n\t\t<\/div>\n\t\t\t\t\t<\/div>\n\n\t\n\n<\/div>\n<div class=\"row row-collapse\"  id=\"row-2075389218\">\n\n\n\t<div id=\"col-557040291\" class=\"col medium-4 small-6 large-4\"  >\n\t\t\t\t<div class=\"col-inner\"  >\n\t\t\t\n\t\t\t\n\n<h4>Year of birth<\/h4>\n\n\t\t<\/div>\n\t\t\t\t\t<\/div>\n\n\t\n\n\t<div id=\"col-1253276874\" class=\"col medium-8 small-6 large-8\"  >\n\t\t\t\t<div class=\"col-inner\"  >\n\t\t\t\n\t\t\t\n\n<p>1973<\/p>\n\n\t\t<\/div>\n\t\t\t\t\t<\/div>\n\n\t\n\n<\/div>\n<div class=\"row row-collapse\"  id=\"row-1553965318\">\n\n\n\t<div id=\"col-1223047757\" class=\"col medium-4 small-6 large-4\"  >\n\t\t\t\t<div class=\"col-inner\"  >\n\t\t\t\n\t\t\t\n\n<h4>Nationality<\/h4>\n\n\t\t<\/div>\n\t\t\t\t\t<\/div>\n\n\t\n\n\t<div id=\"col-1054097572\" class=\"col medium-8 small-6 large-8\"  >\n\t\t\t\t<div class=\"col-inner\"  >\n\t\t\t\n\t\t\t<ul><li>Polish<\/li><\/ul>\n\n\n\n\n\n\n\t\t<\/div>\n\t\t\t\t\t<\/div>\n\n\t\n\n<\/div>\n<div class=\"row row-collapse\"  id=\"row-1614922976\">\n\n\n\t<div id=\"col-384433332\" class=\"col medium-4 small-6 large-4\"  >\n\t\t\t\t<div class=\"col-inner\"  >\n\t\t\t\n\t\t\t\n\n<h4>Languages<\/h4>\n\n\t\t<\/div>\n\t\t\t\t\t<\/div>\n\n\t\n\n\t<div id=\"col-2022321406\" class=\"col medium-8 small-6 large-8\"  >\n\t\t\t\t<div class=\"col-inner\"  >\n\t\t\t\n\t\t\t<ul><li>English<\/li><li>French<\/li><li>Polish<\/li><\/ul>\n\n\n\n\n\n\n\t\t<\/div>\n\t\t\t\t\t<\/div>\n\n\t\n\n<\/div>\n<div class=\"row row-collapse\"  id=\"row-932258120\">\n\n\n\t<div id=\"col-159465792\" class=\"col medium-4 small-12 large-4\"  >\n\t\t\t\t<div class=\"col-inner\"  >\n\t\t\t\n\t\t\t\n\n<h4>Specializations<\/h4>\n\n\t\t<\/div>\n\t\t\t\t\t<\/div>\n\n\t\n\n\t<div id=\"col-2147124860\" class=\"col medium-8 small-12 large-8\"  >\n\t\t\t\t<div class=\"col-inner\"  >\n\t\t\t\n\t\t\t<ul><li>intellectual property law<\/li><li>media and new technologies<\/li><li>transport<\/li><\/ul>\n\n\n\n\n\n\n\t\t<\/div>\n\t\t\t\t\t<\/div>\n\n\t\n\n<\/div>\n<div class=\"row row-collapse\"  id=\"row-342708725\">\n\n\n\t<div id=\"col-698247148\" class=\"col medium-4 small-12 large-4\"  >\n\t\t\t\t<div class=\"col-inner\"  >\n\t\t\t\n\t\t\t\n\n<h4>Professional certification<\/h4>\n<h4>Website<\/h4>\n\n\t\t<\/div>\n\t\t\t\t\t<\/div>\n\n\t\n\n\t<div id=\"col-1440444307\" class=\"col medium-8 small-12 large-8\"  >\n\t\t\t\t<div class=\"col-inner\"  >\n\t\t\t\n\t\t\t\n\n<p>legal advisor<\/p>\n\n\n\n\t\t<\/div>\n\t\t\t\t\t<\/div>\n\n\t\n\n<\/div>\n\n\t\t<\/div>\n\t\t\t\t\t<\/div>\n\n\t\n\n\t<div id=\"col-1053508620\" class=\"col medium-3 small-12 large-3 small-col-first\"  >\n\t\t\t\t<div class=\"col-inner\"  >\n\t\t\t\n\t\t\t\n\n\t<div class=\"box has-hover   has-hover box-text-bottom\" >\n\n\t\t<div class=\"box-image\" style=\"border-radius:49%;\">\n\t\t\t\t\t\t<div class=\"image-cover\" style=\"padding-top:100%;\">\n\t\t\t\t<img loading=\"lazy\" decoding=\"async\" width=\"2494\" height=\"2560\" src=\"https:\/\/sadarbitrazowy.org.pl\/en\/wp-content\/uploads\/sites\/4\/2024\/02\/Auleytner-Aleksandra-4-scaled.jpg\" class=\"attachment-original size-original\" alt=\"\" srcset=\"https:\/\/sadarbitrazowy.org.pl\/en\/wp-content\/uploads\/sites\/4\/2024\/02\/Auleytner-Aleksandra-4-scaled.jpg 2494w, https:\/\/sadarbitrazowy.org.pl\/en\/wp-content\/uploads\/sites\/4\/2024\/02\/Auleytner-Aleksandra-4-1559x1600.jpg 1559w, https:\/\/sadarbitrazowy.org.pl\/en\/wp-content\/uploads\/sites\/4\/2024\/02\/Auleytner-Aleksandra-4-1870x1920.jpg 1870w, https:\/\/sadarbitrazowy.org.pl\/en\/wp-content\/uploads\/sites\/4\/2024\/02\/Auleytner-Aleksandra-4-768x788.jpg 768w, https:\/\/sadarbitrazowy.org.pl\/en\/wp-content\/uploads\/sites\/4\/2024\/02\/Auleytner-Aleksandra-4-1496x1536.jpg 1496w, https:\/\/sadarbitrazowy.org.pl\/en\/wp-content\/uploads\/sites\/4\/2024\/02\/Auleytner-Aleksandra-4-1995x2048.jpg 1995w\" sizes=\"(max-width: 2494px) 100vw, 2494px\" \/>\t\t\t\t\t\t\t\t\t\t\t<\/div>\n\t\t\t\t\t<\/div>\n\n\t\t<div class=\"box-text text-center\" >\n\t\t\t<div class=\"box-text-inner\">\n\t\t\t\t\n\n\n\t\t\t<\/div>\n\t\t<\/div>\n\t<\/div>\n\t\n\n\t\t<\/div>\n\t\t\t\t\t<\/div>\n\n\t\n\n<\/div>\n\n\t\t<\/div>\n\t\t\t\t\t<\/div>\n\n\t\n\n\t<div id=\"col-1190964451\" class=\"col hide-for-small medium-1 small-12 large-1\"  >\n\t\t\t\t<div class=\"col-inner\"  >\n\t\t\t\n\t\t\t\n\n\n\t\t<\/div>\n\t\t\t\t\t<\/div>\n\n\t\n\n<\/div>\n<div class=\"row row-collapse align-center\"  id=\"row-1912460526\">\n\n\n\t<div id=\"col-165141205\" class=\"col hide-for-small medium-1 small-12 large-3\"  >\n\t\t\t\t<div class=\"col-inner\"  >\n\t\t\t\n\t\t\t\n\n\n\t\t<\/div>\n\t\t\t\t\t<\/div>\n\n\t\n\n\t<div id=\"col-1823599051\" class=\"col arbiter-bio medium-10 small-12 large-8\"  >\n\t\t\t\t<div class=\"col-inner\"  >\n\t\t\t\n\t\t\t\n\n<h4>Education<\/h4>\n<ul>\n<li class=\"western\" lang=\"en-GB\">University of Warsaw, LL.M (Master in Laws), Law and Administration 1992 \u2013 1997;<\/li>\n<li class=\"western\" lang=\"en-GB\">Vrije Universiteit Brussel, LL.M., European and Comparative Law 1997 \u2013 1998;<\/li>\n<li class=\"western\" lang=\"en-GB\">Uniwersytet Kardyna\u0142a Stefana Wyszy\u0144skiego w Warszawie, Doctor of Law (Ph.D.) 2013 \u2013 2015;<\/li>\n<li class=\"western\" lang=\"en-GB\">Yale School of Management, YALE SOM Women\u2019s Leadership Program 2021 -2022.<\/li>\n<\/ul>\n<h4 class=\"arbitrator-exp-heading\">Professional career<\/h4>\n<ul>\n<li>Doma\u0144ski Zakrzewski Palinka 2000 \u2013 present;<\/li>\n<li>Sejm RP \u2013 1999-2001;<\/li>\n<li>Coopers &amp; Lybrand 1995-1997.<\/li>\n<\/ul>\n<h4 class=\"arbitrator-exp-heading\">Arbitration experience<\/h4>\n<ul>\n<li class=\"western\" lang=\"en-GB\">Arbitrator at Permanent Consumer Arbitration Court at the Office of Electronic Communications<br>Aug 2013 &#8211; 2018<\/li>\n<\/ul>\n<h4 class=\"arbitrator-exp-heading\">Membership in organizations<\/h4>\n<ul>\n<li>\n<p class=\"western\" lang=\"en-GB\">Okr\u0119gowa Izba Radc\u00f3w Prawnych;<\/p>\n<\/li>\n<li>\n<p class=\"western\" lang=\"en-GB\">Stowarzyszenie Prawa Nowych Technologii.<\/p>\n<\/li>\n<\/ul>\n<h4>Publications<\/h4>\n<ol>\n<li>Aleksandra Auleytner, Tomasz Zalewski, Sprawozdanie z debaty Stowarzyszenia Prawa Nowych Technologii na temat zagadnie\u0144 prawnoautorskich dotycz\u0105cych generatywnej sztucznej inteligencji, KPNT 1\/2023;<\/li>\n<li>Aleksandra Auleytner, Marcin St\u0119pie\u0144, \u0179r\u00f3d\u0142a wirtualnych \u015bwiat\u00f3w. Metawersum jako rezultat inspiracji, opracowania czy przej\u0119cia?, KPNT 4\/2022;<\/li>\n<li>Aleksandra Auleytner, Marcin St\u0119pie\u0144, \u201eDost\u0119p do sztucznej inteligencji \u2013 r\u00f3wno\u015b\u0107 i inne aspekty prawne dost\u0119pu do system\u00f3w sztucznej inteligencji\u201d, [in:] Prawo nowych technologii dane osobowe i cyberbezpiecze\u0144stwo, Internet i media, handel elektroniczny, prawo IT, technologie, ed. Xawery Konarski, addendum of Monitor Prawniczy, 21 (2019): 70.;<\/li>\n<li>Ewa Kucharska, Aleksandra Auleytner, Ustawa o prawie autorskim i prawach pokrewnych. Prawo w\u0142asno\u015bci przemys\u0142owej. Law of Copyright and Related Rights. Industrial Property Law Wydawnictwo Beck 2017;<\/li>\n<li>Aleksandra Auleytner, Ochrona praw autorskich i pokrewnych a zasady swobodnego przep\u0142ywu towar\u00f3w i \u015bwiadczenia us\u0142ug w prawie Unii Europejskiej, Wydawnictwo Beck 2016;<\/li>\n<li>Katarzyna Grzybczyk, Aleksandra Auleytner, Jan Kulesza, Prawo w wirtualnych \u015bwiatach, Difin 2013;<\/li>\n<li>Katarzyna Grzybczyk, Aleksandra Auleytner, Jan Kulesza<strong>,<\/strong> Prawo w wirtualnych \u015bwiatach, Difin 2013.<\/li>\n<\/ol>\n\n\t\t<\/div>\n\t\t\t\t\t<\/div>\n\n\t\n\n\t<div id=\"col-4739138\" class=\"col hide-for-small medium-1 small-12 large-1\"  >\n\t\t\t\t<div class=\"col-inner\"  >\n\t\t\t\n\t\t\t\n\n\n\t\t<\/div>\n\t\t\t\t\t<\/div>\n\n\t\n\n<\/div>\n","protected":false},"excerpt":{"rendered":"","protected":false},"author":1,"featured_media":567,"parent":2328,"menu_order":1,"comment_status":"closed","ping_status":"closed","template":"","meta":{"footnotes":""},"jezyki":[18,20,17],"specjalizacje":[71,57,38],"narodowosc":[12],"class_list":["post-2331","page","type-page","status-publish","has-post-thumbnail","hentry","jezyki-english","jezyki-french","jezyki-polish","specjalizacje-intellectual-property-law","specjalizacje-media-and-new-technologies","specjalizacje-transport","narodowosc-polish"],"aioseo_notices":[],"_links":{"self":[{"href":"https:\/\/sadarbitrazowy.org.pl\/en\/wp-json\/wp\/v2\/pages\/2331"}],"collection":[{"href":"https:\/\/sadarbitrazowy.org.pl\/en\/wp-json\/wp\/v2\/pages"}],"about":[{"href":"https:\/\/sadarbitrazowy.org.pl\/en\/wp-json\/wp\/v2\/types\/page"}],"author":[{"embeddable":true,"href":"https:\/\/sadarbitrazowy.org.pl\/en\/wp-json\/wp\/v2\/users\/1"}],"replies":[{"embeddable":true,"href":"https:\/\/sadarbitrazowy.org.pl\/en\/wp-json\/wp\/v2\/comments?post=2331"}],"version-history":[{"count":4,"href":"https:\/\/sadarbitrazowy.org.pl\/en\/wp-json\/wp\/v2\/pages\/2331\/revisions"}],"predecessor-version":[{"id":2990,"href":"https:\/\/sadarbitrazowy.org.pl\/en\/wp-json\/wp\/v2\/pages\/2331\/revisions\/2990"}],"up":[{"embeddable":true,"href":"https:\/\/sadarbitrazowy.org.pl\/en\/wp-json\/wp\/v2\/pages\/2328"}],"wp:featuredmedia":[{"embeddable":true,"href":"https:\/\/sadarbitrazowy.org.pl\/en\/wp-json\/wp\/v2\/media\/567"}],"wp:attachment":[{"href":"https:\/\/sadarbitrazowy.org.pl\/en\/wp-json\/wp\/v2\/media?parent=2331"}],"wp:term":[{"taxonomy":"jezyki","embeddable":true,"href":"https:\/\/sadarbitrazowy.org.pl\/en\/wp-json\/wp\/v2\/jezyki?post=2331"},{"taxonomy":"specjalizacje","embeddable":true,"href":"https:\/\/sadarbitrazowy.org.pl\/en\/wp-json\/wp\/v2\/specjalizacje?post=2331"},{"taxonomy":"narodowosc","embeddable":true,"href":"https:\/\/sadarbitrazowy.org.pl\/en\/wp-json\/wp\/v2\/narodowosc?post=2331"}],"curies":[{"name":"wp","href":"https:\/\/api.w.org\/{rel}","templated":true}]}}