{"id":2347,"date":"2024-02-09T10:12:45","date_gmt":"2024-02-09T09:12:45","guid":{"rendered":"https:\/\/sadarbitrazowy.org.pl\/en\/?page_id=2347"},"modified":"2024-12-11T18:28:51","modified_gmt":"2024-12-11T17:28:51","slug":"maciej-slusarek","status":"publish","type":"page","link":"https:\/\/sadarbitrazowy.org.pl\/en\/court-of-arbitration\/list-of-recommended-arbitrators-for-the-creative-market-and-culture\/maciej-slusarek\/","title":{"rendered":"Maciej \u015alusarek"},"content":{"rendered":"\n  <div id=\"page-header-1552705\" class=\"page-header-wrapper\">\n  <div class=\"page-title dark featured-title\">\n\n        <div class=\"page-title-bg\">\n      <div class=\"title-bg fill bg-fill\"\n        data-parallax-container=\".page-title\"\n        data-parallax-background\n        data-parallax=\"-\">\n      <\/div>\n      <div class=\"title-overlay fill\"><\/div>\n    <\/div>\n    \n    <div class=\"page-title-inner container align-bottom flex-row medium-flex-wrap\" >\n              <div class=\"title-wrapper is-xlarge flex-col text-left medium-text-center\">\n          <h1 class=\"entry-title mb-0\">\n            Maciej \u015alusarek          <\/h1>\n        <\/div>\n                    <div class=\"title-content flex-col flex-right text-right medium-text-center\">\n        <div class=\"title-breadcrumbs pb-half pt-half\"><\/div>      <\/div>\n    <\/div>\n\n     \n<style>\n#page-header-1552705 .page-title-inner {\n  min-height: 22vh;\n}\n#page-header-1552705 {\n  margin-bottom: 10px;\n}\n#page-header-1552705 .title-bg {\n  background-image: url(https:\/\/sadarbitrazowy.org.pl\/en\/wp-content\/uploads\/sites\/4\/2022\/09\/IMG_20220928_124557-scaled.jpg);\n  background-position: 0% 25%;\n}\n#page-header-1552705 .title-overlay {\n  background-color: rgba(0, 0, 0, 0.3);\n}\n#page-header-1552705 .featured-title {\n  background-color: rgb(0,0,0);\n}\n<\/style>\n  <\/div>\n    <\/div>\n  \n\n<div class=\"row row-collapse\"  id=\"row-1796337917\">\n\n\n\t<div id=\"col-388432206\" class=\"col hide-for-small medium-1 small-12 large-3\"  >\n\t\t\t\t<div class=\"col-inner\"  >\n\t\t\t\n\t\t\t\n\n\n\t\t<\/div>\n\t\t\t\t\t<\/div>\n\n\t\n\n\t<div id=\"col-1055798795\" class=\"col medium-10 small-12 large-8\"  >\n\t\t\t\t<div class=\"col-inner\"  >\n\t\t\t\n\t\t\t\n\n\n\n<div class=\"aioseo-breadcrumbs\"><span class=\"aioseo-breadcrumb\">\n\tHomepage\n<\/span><\/div>\n\n\n\t\t<\/div>\n\t\t\t\t\t<\/div>\n\n\t\n\n\t<div id=\"col-726877741\" class=\"col hide-for-small medium-1 small-12 large-1\"  >\n\t\t\t\t<div class=\"col-inner\"  >\n\t\t\t\n\t\t\t\n\n\n\t\t<\/div>\n\t\t\t\t\t<\/div>\n\n\t\n\n<\/div>\n\t<div id=\"gap-1103261188\" class=\"gap-element clearfix\" style=\"display:block; height:auto;\">\n\t\t\n<style>\n#gap-1103261188 {\n  padding-top: 80px;\n}\n<\/style>\n\t<\/div>\n\t\n\n<div class=\"row row-collapse align-center\"  id=\"row-1338108503\">\n\n\n\t<div id=\"col-2116067766\" class=\"col hide-for-small medium-1 small-12 large-3\"  >\n\t\t\t\t<div class=\"col-inner\"  >\n\t\t\t\n\t\t\t\n\n\n\t\t<\/div>\n\t\t\t\t\t<\/div>\n\n\t\n\n\t<div id=\"col-90581827\" class=\"col arbiter-tabela medium-10 small-12 large-8\"  >\n\t\t\t\t<div class=\"col-inner\"  >\n\t\t\t\n\t\t\t\n\n<div class=\"row row-collapse\"  id=\"row-1961895966\">\n\n\n\t<div id=\"col-1465942561\" class=\"col medium-9 small-12 large-9\"  >\n\t\t\t\t<div class=\"col-inner\"  >\n\t\t\t\n\t\t\t\n\n<div class=\"row row-collapse\"  id=\"row-407092966\">\n\n\n\t<div id=\"col-126052190\" class=\"col small-6 large-12\"  >\n\t\t\t\t<div class=\"col-inner\"  >\n\t\t\t\n\t\t\t\n\n<h2>Maciej \u015alusarek<\/h2>\n\n\t\t<\/div>\n\t\t\t\t\t<\/div>\n\n\t\n\n<\/div>\n<div class=\"row row-collapse\"  id=\"row-308741517\">\n\n\n\t<div id=\"col-616499926\" class=\"col medium-4 small-6 large-4\"  >\n\t\t\t\t<div class=\"col-inner\"  >\n\t\t\t\n\t\t\t\n\n<h4>Year of birth<\/h4>\n\n\t\t<\/div>\n\t\t\t\t\t<\/div>\n\n\t\n\n\t<div id=\"col-1951847269\" class=\"col medium-8 small-6 large-8\"  >\n\t\t\t\t<div class=\"col-inner\"  >\n\t\t\t\n\t\t\t\n\n<p>1970<\/p>\n\n\t\t<\/div>\n\t\t\t\t\t<\/div>\n\n\t\n\n<\/div>\n<div class=\"row row-collapse\"  id=\"row-1959064241\">\n\n\n\t<div id=\"col-1191476789\" class=\"col medium-4 small-6 large-4\"  >\n\t\t\t\t<div class=\"col-inner\"  >\n\t\t\t\n\t\t\t\n\n<h4>Nationality<\/h4>\n\n\t\t<\/div>\n\t\t\t\t\t<\/div>\n\n\t\n\n\t<div id=\"col-790110000\" class=\"col medium-8 small-6 large-8\"  >\n\t\t\t\t<div class=\"col-inner\"  >\n\t\t\t\n\t\t\t<ul><li>Polish<\/li><\/ul>\n\n\n\n\n\n\n\t\t<\/div>\n\t\t\t\t\t<\/div>\n\n\t\n\n<\/div>\n<div class=\"row row-collapse\"  id=\"row-642159812\">\n\n\n\t<div id=\"col-995529709\" class=\"col medium-4 small-6 large-4\"  >\n\t\t\t\t<div class=\"col-inner\"  >\n\t\t\t\n\t\t\t\n\n<h4>Languages<\/h4>\n\n\t\t<\/div>\n\t\t\t\t\t<\/div>\n\n\t\n\n\t<div id=\"col-1217648186\" class=\"col medium-8 small-6 large-8\"  >\n\t\t\t\t<div class=\"col-inner\"  >\n\t\t\t\n\t\t\t<ul><li>English<\/li><li>Polish<\/li><\/ul>\n\n\n\n\n\n\n\t\t<\/div>\n\t\t\t\t\t<\/div>\n\n\t\n\n<\/div>\n<div class=\"row row-collapse\"  id=\"row-1229024020\">\n\n\n\t<div id=\"col-320039895\" class=\"col medium-4 small-12 large-4\"  >\n\t\t\t\t<div class=\"col-inner\"  >\n\t\t\t\n\t\t\t\n\n<h4>Specializations<\/h4>\n\n\t\t<\/div>\n\t\t\t\t\t<\/div>\n\n\t\n\n\t<div id=\"col-292238584\" class=\"col medium-8 small-12 large-8\"  >\n\t\t\t\t<div class=\"col-inner\"  >\n\t\t\t\n\t\t\t<ul><li>agency distribution franchising<\/li><li>intellectual property law<\/li><li>media and new technologies<\/li><\/ul>\n\n\n\n\n\n\n\t\t<\/div>\n\t\t\t\t\t<\/div>\n\n\t\n\n<\/div>\n<div class=\"row row-collapse\"  id=\"row-930087615\">\n\n\n\t<div id=\"col-1182951316\" class=\"col medium-4 small-12 large-4\"  >\n\t\t\t\t<div class=\"col-inner\"  >\n\t\t\t\n\t\t\t\n\n<h4>Professional certification<\/h4>\n<p>&nbsp;<\/p>\n<h4>Website<\/h4>\n\n\t\t<\/div>\n\t\t\t\t\t<\/div>\n\n\t\n\n\t<div id=\"col-2039614700\" class=\"col medium-8 small-12 large-8\"  >\n\t\t\t\t<div class=\"col-inner\"  >\n\t\t\t\n\t\t\t\n\n<p>advocate<\/p>\n<p>&nbsp;<\/p>\n<p><a href=\"https:\/\/skplaw.pl\/\">skplaw.pl<\/a><\/p>\n\n\t\t<\/div>\n\t\t\t\t\t<\/div>\n\n\t\n\n<\/div>\n\n\t\t<\/div>\n\t\t\t\t\t<\/div>\n\n\t\n\n\t<div id=\"col-833694883\" class=\"col medium-3 small-12 large-3 small-col-first\"  >\n\t\t\t\t<div class=\"col-inner\"  >\n\t\t\t\n\t\t\t\n\n\t<div class=\"box has-hover   has-hover box-text-bottom\" >\n\n\t\t<div class=\"box-image\" style=\"border-radius:49%;\">\n\t\t\t\t\t\t<div class=\"image-cover\" style=\"padding-top:100%;\">\n\t\t\t\t<img loading=\"lazy\" decoding=\"async\" width=\"150\" height=\"200\" src=\"https:\/\/sadarbitrazowy.org.pl\/en\/wp-content\/uploads\/sites\/4\/2024\/02\/MACIEJ_SLUSAREK_150x200-002.jpg\" class=\"attachment-original size-original\" alt=\"\" \/>\t\t\t\t\t\t\t\t\t\t\t<\/div>\n\t\t\t\t\t<\/div>\n\n\t\t<div class=\"box-text text-center\" >\n\t\t\t<div class=\"box-text-inner\">\n\t\t\t\t\n\n\n\t\t\t<\/div>\n\t\t<\/div>\n\t<\/div>\n\t\n\n\t\t<\/div>\n\t\t\t\t\t<\/div>\n\n\t\n\n<\/div>\n\n\t\t<\/div>\n\t\t\t\t\t<\/div>\n\n\t\n\n\t<div id=\"col-1770934605\" class=\"col hide-for-small medium-1 small-12 large-1\"  >\n\t\t\t\t<div class=\"col-inner\"  >\n\t\t\t\n\t\t\t\n\n\n\t\t<\/div>\n\t\t\t\t\t<\/div>\n\n\t\n\n<\/div>\n<div class=\"row row-collapse align-center\"  id=\"row-1092529065\">\n\n\n\t<div id=\"col-1797270657\" class=\"col hide-for-small medium-1 small-12 large-3\"  >\n\t\t\t\t<div class=\"col-inner\"  >\n\t\t\t\n\t\t\t\n\n\n\t\t<\/div>\n\t\t\t\t\t<\/div>\n\n\t\n\n\t<div id=\"col-2059613091\" class=\"col arbiter-bio medium-10 small-12 large-8\"  >\n\t\t\t\t<div class=\"col-inner\"  >\n\t\t\t\n\t\t\t\n\n<h4>Education<\/h4>\n<ul>\n<li class=\"western\" lang=\"en-GB\">Graduate of the Faculty of Law at the University of Warsaw. Entered on the list of attorneys of the Warsaw Bar Association.<\/li>\n<\/ul>\n<h4 class=\"arbitrator-exp-heading\">Professional career<\/h4>\n<ul>\n<li>\n<p><span style=\"font-size: 14.4px\">Co-founder and managing partner, legal counsel at SKP \u015alusarek Kubiak Pieczyk from July 1, 2022 to the present;<\/span><\/p>\n<\/li>\n<li>\n<p>Co-founder and managing partner, legal counsel at LSW Kancelaria Le\u015bnodorski \u015alusarek i Wsp\u00f3lnicy from 2020 to June 30, 2022.<\/p>\n<\/li>\n<\/ul>\n<h4 class=\"arbitrator-exp-heading\">Arbitration experience<\/h4>\n<ul>\n<li class=\"western\" lang=\"en-GB\">Arbitrator in ad hoc litigation proceedings;<\/li>\n<li class=\"western\" lang=\"en-GB\">Co-founder and arbitrator of the Court of Arbitration at the National Chamber of Audiovisual Producers(SARA);<\/li>\n<li class=\"western\" lang=\"en-GB\">Arbitrator of the Court of Arbitration at the Confederation of Leviathan;<\/li>\n<li class=\"western\" lang=\"en-GB\">Arbitrator of the Court of Arbitration at the Polish Chamber of Commerce in Warsaw.<\/li>\n<\/ul>\n<h4 class=\"arbitrator-exp-heading\">Membership in organizations<\/h4>\n<ul>\n<li>\n<p class=\"western\" lang=\"en-GB\">Member in the ORA for 2 terms to date;<\/p>\n<\/li>\n<li>\n<p class=\"western\" lang=\"en-GB\">Chairman of the Committee on Ethics and Bar Secrecy (ORA) for 2 terms to date;<\/p>\n<\/li>\n<li>\n<p class=\"western\" lang=\"en-GB\">Disciplinary judge in the Disciplinary Court at the District Bar Council for 3 terms;<\/p>\n<\/li>\n<li>\n<p class=\"western\" lang=\"en-GB\">Member of the Board of Directors of the Association of New Technology Law;<\/p>\n<\/li>\n<li>\n<p class=\"western\" lang=\"en-GB\">Member of the Women in Law Foundation;<\/p>\n<\/li>\n<li>\n<p class=\"western\" lang=\"en-GB\">Founder of the Competition Law Association;<\/p>\n<\/li>\n<li>\n<p class=\"western\" lang=\"en-GB\">Founder of the Normal State Association;<\/p>\n<\/li>\n<li>\n<p class=\"western\" lang=\"en-GB\">Founder of the Righteous Foundation.<\/p>\n<\/li>\n<\/ul>\n<h4>Publications<\/h4>\n<ol>\n<li>Greenwashing, or what advertising agencies and advertisers should watch out for, Rzeczpospolita, 05.07.2022;<\/li>\n<li>Seizure of intellectual property &#8211; including patents &#8211; in Russia, BIZNES24 TV, 21.03.2022;<\/li>\n<li>One lawyer will say yes, and the other&#8230; On copyright law in the digital age, newonce &#8211; Right Adam podcast (Adam Bodnar), 04.02.2022;<\/li>\n<li>On what influencers are allowed and why they are under the magnifying glass of the OCCP, BIZNES24 Television, 18.10.2021;<\/li>\n<li>Doomed to hejt, or how the singer of Bajm became Beata K. and how much she has already lost on it. And others?&#8221;, Gazeta Wyborcza Sto\u0142eczna, 04.10.2021;<\/li>\n<li>Equal book price will fix the market, Prawo.pl, 05.05.2021.<\/li>\n<\/ol>\n\n\t\t<\/div>\n\t\t\t\t\t<\/div>\n\n\t\n\n\t<div id=\"col-661080426\" class=\"col hide-for-small medium-1 small-12 large-1\"  >\n\t\t\t\t<div class=\"col-inner\"  >\n\t\t\t\n\t\t\t\n\n\n\t\t<\/div>\n\t\t\t\t\t<\/div>\n\n\t\n\n<\/div>\n","protected":false},"excerpt":{"rendered":"","protected":false},"author":4,"featured_media":567,"parent":2328,"menu_order":26,"comment_status":"closed","ping_status":"closed","template":"","meta":{"footnotes":""},"jezyki":[18,17],"specjalizacje":[154,71,57],"narodowosc":[12],"class_list":["post-2347","page","type-page","status-publish","has-post-thumbnail","hentry","jezyki-english","jezyki-polish","specjalizacje-agency-distribution-franchising","specjalizacje-intellectual-property-law","specjalizacje-media-and-new-technologies","narodowosc-polish"],"aioseo_notices":[],"_links":{"self":[{"href":"https:\/\/sadarbitrazowy.org.pl\/en\/wp-json\/wp\/v2\/pages\/2347"}],"collection":[{"href":"https:\/\/sadarbitrazowy.org.pl\/en\/wp-json\/wp\/v2\/pages"}],"about":[{"href":"https:\/\/sadarbitrazowy.org.pl\/en\/wp-json\/wp\/v2\/types\/page"}],"author":[{"embeddable":true,"href":"https:\/\/sadarbitrazowy.org.pl\/en\/wp-json\/wp\/v2\/users\/4"}],"replies":[{"embeddable":true,"href":"https:\/\/sadarbitrazowy.org.pl\/en\/wp-json\/wp\/v2\/comments?post=2347"}],"version-history":[{"count":11,"href":"https:\/\/sadarbitrazowy.org.pl\/en\/wp-json\/wp\/v2\/pages\/2347\/revisions"}],"predecessor-version":[{"id":2359,"href":"https:\/\/sadarbitrazowy.org.pl\/en\/wp-json\/wp\/v2\/pages\/2347\/revisions\/2359"}],"up":[{"embeddable":true,"href":"https:\/\/sadarbitrazowy.org.pl\/en\/wp-json\/wp\/v2\/pages\/2328"}],"wp:featuredmedia":[{"embeddable":true,"href":"https:\/\/sadarbitrazowy.org.pl\/en\/wp-json\/wp\/v2\/media\/567"}],"wp:attachment":[{"href":"https:\/\/sadarbitrazowy.org.pl\/en\/wp-json\/wp\/v2\/media?parent=2347"}],"wp:term":[{"taxonomy":"jezyki","embeddable":true,"href":"https:\/\/sadarbitrazowy.org.pl\/en\/wp-json\/wp\/v2\/jezyki?post=2347"},{"taxonomy":"specjalizacje","embeddable":true,"href":"https:\/\/sadarbitrazowy.org.pl\/en\/wp-json\/wp\/v2\/specjalizacje?post=2347"},{"taxonomy":"narodowosc","embeddable":true,"href":"https:\/\/sadarbitrazowy.org.pl\/en\/wp-json\/wp\/v2\/narodowosc?post=2347"}],"curies":[{"name":"wp","href":"https:\/\/api.w.org\/{rel}","templated":true}]}}