{"id":2408,"date":"2024-02-09T14:25:11","date_gmt":"2024-02-09T13:25:11","guid":{"rendered":"https:\/\/sadarbitrazowy.org.pl\/en\/?page_id=2408"},"modified":"2024-12-11T11:46:58","modified_gmt":"2024-12-11T10:46:58","slug":"witold-chomiczewski","status":"publish","type":"page","link":"https:\/\/sadarbitrazowy.org.pl\/en\/court-of-arbitration\/list-of-recommended-arbitrators-for-the-creative-market-and-culture\/witold-chomiczewski\/","title":{"rendered":"Witold Chomiczewski"},"content":{"rendered":"\n  <div id=\"page-header-791021939\" class=\"page-header-wrapper\">\n  <div class=\"page-title dark featured-title\">\n\n        <div class=\"page-title-bg\">\n      <div class=\"title-bg fill bg-fill\"\n        data-parallax-container=\".page-title\"\n        data-parallax-background\n        data-parallax=\"-\">\n      <\/div>\n      <div class=\"title-overlay fill\"><\/div>\n    <\/div>\n    \n    <div class=\"page-title-inner container align-bottom flex-row medium-flex-wrap\" >\n              <div class=\"title-wrapper is-xlarge flex-col text-left medium-text-center\">\n          <h1 class=\"entry-title mb-0\">\n            Witold Chomiczewski          <\/h1>\n        <\/div>\n                    <div class=\"title-content flex-col flex-right text-right medium-text-center\">\n        <div class=\"title-breadcrumbs pb-half pt-half\"><\/div>      <\/div>\n    <\/div>\n\n     \n<style>\n#page-header-791021939 .page-title-inner {\n  min-height: 22vh;\n}\n#page-header-791021939 {\n  margin-bottom: 10px;\n}\n#page-header-791021939 .title-bg {\n  background-image: url(https:\/\/sadarbitrazowy.org.pl\/en\/wp-content\/uploads\/sites\/4\/2022\/09\/IMG_20220928_124557-scaled.jpg);\n  background-position: 0% 25%;\n}\n#page-header-791021939 .title-overlay {\n  background-color: rgba(0, 0, 0, 0.3);\n}\n#page-header-791021939 .featured-title {\n  background-color: rgb(0,0,0);\n}\n<\/style>\n  <\/div>\n    <\/div>\n  \n\n<div class=\"row row-collapse\"  id=\"row-1178951902\">\n\n\n\t<div id=\"col-672382327\" class=\"col hide-for-small medium-1 small-12 large-3\"  >\n\t\t\t\t<div class=\"col-inner\"  >\n\t\t\t\n\t\t\t\n\n\n\t\t<\/div>\n\t\t\t\t\t<\/div>\n\n\t\n\n\t<div id=\"col-1955142625\" class=\"col medium-10 small-12 large-8\"  >\n\t\t\t\t<div class=\"col-inner\"  >\n\t\t\t\n\t\t\t\n\n\n\n<div class=\"aioseo-breadcrumbs\"><span class=\"aioseo-breadcrumb\">\n\tHomepage\n<\/span><\/div>\n\n\n\t\t<\/div>\n\t\t\t\t\t<\/div>\n\n\t\n\n\t<div id=\"col-2045831461\" class=\"col hide-for-small medium-1 small-12 large-1\"  >\n\t\t\t\t<div class=\"col-inner\"  >\n\t\t\t\n\t\t\t\n\n\n\t\t<\/div>\n\t\t\t\t\t<\/div>\n\n\t\n\n<\/div>\n\t<div id=\"gap-476257827\" class=\"gap-element clearfix\" style=\"display:block; height:auto;\">\n\t\t\n<style>\n#gap-476257827 {\n  padding-top: 80px;\n}\n<\/style>\n\t<\/div>\n\t\n\n<div class=\"row row-collapse align-center\"  id=\"row-1600083749\">\n\n\n\t<div id=\"col-1121261800\" class=\"col hide-for-small medium-1 small-12 large-3\"  >\n\t\t\t\t<div class=\"col-inner\"  >\n\t\t\t\n\t\t\t\n\n\n\t\t<\/div>\n\t\t\t\t\t<\/div>\n\n\t\n\n\t<div id=\"col-1870955998\" class=\"col arbiter-tabela medium-10 small-12 large-8\"  >\n\t\t\t\t<div class=\"col-inner\"  >\n\t\t\t\n\t\t\t\n\n<div class=\"row row-collapse\"  id=\"row-2025218907\">\n\n\n\t<div id=\"col-1640086879\" class=\"col medium-9 small-12 large-9\"  >\n\t\t\t\t<div class=\"col-inner\"  >\n\t\t\t\n\t\t\t\n\n<div class=\"row row-collapse\"  id=\"row-1264455753\">\n\n\n\t<div id=\"col-358112723\" class=\"col small-6 large-12\"  >\n\t\t\t\t<div class=\"col-inner\"  >\n\t\t\t\n\t\t\t\n\n<h2>Witold Chomiczewski<\/h2>\n\n\t\t<\/div>\n\t\t\t\t\t<\/div>\n\n\t\n\n<\/div>\n<div class=\"row row-collapse\"  id=\"row-768117365\">\n\n\n\t<div id=\"col-248301575\" class=\"col medium-4 small-6 large-4\"  >\n\t\t\t\t<div class=\"col-inner\"  >\n\t\t\t\n\t\t\t\n\n<h4>Year of birth<\/h4>\n\n\t\t<\/div>\n\t\t\t\t\t<\/div>\n\n\t\n\n\t<div id=\"col-1372632511\" class=\"col medium-8 small-6 large-8\"  >\n\t\t\t\t<div class=\"col-inner\"  >\n\t\t\t\n\t\t\t\n\n<p>1982<\/p>\n\n\t\t<\/div>\n\t\t\t\t\t<\/div>\n\n\t\n\n<\/div>\n<div class=\"row row-collapse\"  id=\"row-1368970164\">\n\n\n\t<div id=\"col-266574484\" class=\"col medium-4 small-6 large-4\"  >\n\t\t\t\t<div class=\"col-inner\"  >\n\t\t\t\n\t\t\t\n\n<h4>Nationality<\/h4>\n\n\t\t<\/div>\n\t\t\t\t\t<\/div>\n\n\t\n\n\t<div id=\"col-428016905\" class=\"col medium-8 small-6 large-8\"  >\n\t\t\t\t<div class=\"col-inner\"  >\n\t\t\t\n\t\t\t<ul><li>Polish<\/li><\/ul>\n\n\n\n\n\n\n\t\t<\/div>\n\t\t\t\t\t<\/div>\n\n\t\n\n<\/div>\n<div class=\"row row-collapse\"  id=\"row-802063542\">\n\n\n\t<div id=\"col-2057763756\" class=\"col medium-4 small-6 large-4\"  >\n\t\t\t\t<div class=\"col-inner\"  >\n\t\t\t\n\t\t\t\n\n<h4>Languages<\/h4>\n\n\t\t<\/div>\n\t\t\t\t\t<\/div>\n\n\t\n\n\t<div id=\"col-856982845\" class=\"col medium-8 small-6 large-8\"  >\n\t\t\t\t<div class=\"col-inner\"  >\n\t\t\t\n\t\t\t<ul><li>English<\/li><li>German<\/li><li>Polish<\/li><\/ul>\n\n\n\n\n\n\n\t\t<\/div>\n\t\t\t\t\t<\/div>\n\n\t\n\n<\/div>\n<div class=\"row row-collapse\"  id=\"row-684920640\">\n\n\n\t<div id=\"col-1243268916\" class=\"col medium-4 small-12 large-4\"  >\n\t\t\t\t<div class=\"col-inner\"  >\n\t\t\t\n\t\t\t\n\n<h4>Specializations<\/h4>\n\n\t\t<\/div>\n\t\t\t\t\t<\/div>\n\n\t\n\n\t<div id=\"col-1376385426\" class=\"col medium-8 small-12 large-8\"  >\n\t\t\t\t<div class=\"col-inner\"  >\n\t\t\t\n\t\t\t<ul><li>commercial agreements in general<\/li><li>E-commerce<\/li><li>intellectual property law<\/li><li>media and new technologies<\/li><li>personal date protection<\/li><\/ul>\n\n\n\n\n\n\n\t\t<\/div>\n\t\t\t\t\t<\/div>\n\n\t\n\n<\/div>\n<div class=\"row row-collapse\"  id=\"row-306491827\">\n\n\n\t<div id=\"col-1469398601\" class=\"col medium-4 small-12 large-4\"  >\n\t\t\t\t<div class=\"col-inner\"  >\n\t\t\t\n\t\t\t\n\n<h4>Professional certification<\/h4>\n<h4>&nbsp;<\/h4>\n<h4>Website<\/h4>\n\n\t\t<\/div>\n\t\t\t\t\t<\/div>\n\n\t\n\n\t<div id=\"col-1987292266\" class=\"col medium-8 small-12 large-8\"  >\n\t\t\t\t<div class=\"col-inner\"  >\n\t\t\t\n\t\t\t\n\n<p>Legal advisor<\/p>\n<p>&nbsp;<\/p>\n<p><a href=\"https:\/\/www.lubasziwspolnicy.pl\/czlonkowie\/witold-chomiczewski\/\">lubasziwspolnicy.pl\/czlonkowie\/witold-chomiczewski\/&nbsp;<\/a><\/p>\n\n\t\t<\/div>\n\t\t\t\t\t<\/div>\n\n\t\n\n<\/div>\n\n\t\t<\/div>\n\t\t\t\t\t<\/div>\n\n\t\n\n\t<div id=\"col-1318506855\" class=\"col medium-3 small-12 large-3 small-col-first\"  >\n\t\t\t\t<div class=\"col-inner\"  >\n\t\t\t\n\t\t\t\n\n\t<div class=\"box has-hover   has-hover box-text-bottom\" >\n\n\t\t<div class=\"box-image\" style=\"border-radius:49%;\">\n\t\t\t\t\t\t<div class=\"image-cover\" style=\"padding-top:100%;\">\n\t\t\t\t<img loading=\"lazy\" decoding=\"async\" width=\"1500\" height=\"1500\" src=\"https:\/\/sadarbitrazowy.org.pl\/en\/wp-content\/uploads\/sites\/4\/2024\/02\/Witold-Chomiczewski.jpg\" class=\"attachment-original size-original\" alt=\"\" srcset=\"https:\/\/sadarbitrazowy.org.pl\/en\/wp-content\/uploads\/sites\/4\/2024\/02\/Witold-Chomiczewski.jpg 1500w, https:\/\/sadarbitrazowy.org.pl\/en\/wp-content\/uploads\/sites\/4\/2024\/02\/Witold-Chomiczewski-1200x1200.jpg 1200w, https:\/\/sadarbitrazowy.org.pl\/en\/wp-content\/uploads\/sites\/4\/2024\/02\/Witold-Chomiczewski-768x768.jpg 768w\" sizes=\"(max-width: 1500px) 100vw, 1500px\" \/>\t\t\t\t\t\t\t\t\t\t\t<\/div>\n\t\t\t\t\t<\/div>\n\n\t\t<div class=\"box-text text-center\" >\n\t\t\t<div class=\"box-text-inner\">\n\t\t\t\t\n\n\n\t\t\t<\/div>\n\t\t<\/div>\n\t<\/div>\n\t\n\n\t\t<\/div>\n\t\t\t\t\t<\/div>\n\n\t\n\n<\/div>\n\n\t\t<\/div>\n\t\t\t\t\t<\/div>\n\n\t\n\n\t<div id=\"col-1085140123\" class=\"col hide-for-small medium-1 small-12 large-1\"  >\n\t\t\t\t<div class=\"col-inner\"  >\n\t\t\t\n\t\t\t\n\n\n\t\t<\/div>\n\t\t\t\t\t<\/div>\n\n\t\n\n<\/div>\n<div class=\"row row-collapse align-center\"  id=\"row-854918472\">\n\n\n\t<div id=\"col-2076485180\" class=\"col hide-for-small medium-1 small-12 large-3\"  >\n\t\t\t\t<div class=\"col-inner\"  >\n\t\t\t\n\t\t\t\n\n\n\t\t<\/div>\n\t\t\t\t\t<\/div>\n\n\t\n\n\t<div id=\"col-1476387448\" class=\"col arbiter-bio medium-10 small-12 large-8\"  >\n\t\t\t\t<div class=\"col-inner\"  >\n\t\t\t\n\t\t\t\n\n<h4>Education<\/h4>\n<ul>\n<li class=\"western\" lang=\"en-GB\">Completed legal studies at the Faculty of Law and Administration at the University of \u0141\u00f3d\u017a, graduate of studies in German private law at the Georg August University in G\u00f6ttingen, graduate of the Annual Postgraduate Management Studies at the Warsaw School of Economics, completed legal apprenticeship.<\/li>\n<\/ul>\n<h4 class=\"arbitrator-exp-heading\">Professional career<\/h4>\n<ul>\n<li>Since 2013, I have been a partner and legal advisor at Lubasz and Partners &#8211; Attorneys at Law, where I lead the specialization in e-commerce and legislation. Since 2016, I am working as the authorized representative of the Chamber of Electronic Economy for Legislation Affairs. From 2011 to 2013, I worked as a legal advisor at Ceret Grzywaczewska Lubasz sp.k. From 2007 to 2011, I was a legal trainee at the Law Firm Ceret Grzywaczewska Lubasz sp.p.&#8221;<\/li>\n<\/ul>\n<h4 class=\"arbitrator-exp-heading\">Arbitration experience<\/h4>\n<ul>\n<li class=\"western\" lang=\"en-GB\">As an authorized representative of the parties.<\/li>\n<\/ul>\n<h4 class=\"arbitrator-exp-heading\">Membership in organizations<\/h4>\n<ul>\n<li>\n<p class=\"western\" lang=\"en-GB\">Founding member of the Association for New Technology Law, where I oversee the activities of the e-commerce group.<\/p>\n<\/li>\n<\/ul>\n<h4>Publications<\/h4>\n<ol>\n<li>W. Chomiczewski (red.) Handel elektroniczny. Poradnik praktyczny. Gda\u0144ska 2022.<\/li>\n<li>Co-author: D. Lubasz (red.), M. Namys\u0142owska(red.), \u015awiadczenie us\u0142ug drog\u0105 elektroniczn\u0105 oraz dost\u0119p warunkowy. Komentarz do ustaw.<\/li>\n<li>Co-author: D. Lubasz (red.), Meritum. Ochrona danych osobowych. Warszawa 2021.<\/li>\n<li>Co-author: D. Lubasz (red.), M. Namys\u0142owska (red.), Ustawa o ochronie baz danych. Komentarz. Warszawa 2013.<\/li>\n<li>Co-author: D. Lubasz (red.), Ustawa o ochronie danych osobowych. Komentarz, Warszawa 2019.<\/li>\n<li>Co-author: D. Lubasz (red.), J. Bielak-Jomaa (red.), RODO. Og\u00f3lne rozporz\u0105dzenie o ochronie danych. Komentarz, Warszawa 2017.<\/li>\n<\/ol>\n\n\t\t<\/div>\n\t\t\t\t\t<\/div>\n\n\t\n\n\t<div id=\"col-609455703\" class=\"col hide-for-small medium-1 small-12 large-1\"  >\n\t\t\t\t<div class=\"col-inner\"  >\n\t\t\t\n\t\t\t\n\n\n\t\t<\/div>\n\t\t\t\t\t<\/div>\n\n\t\n\n<\/div>\n","protected":false},"excerpt":{"rendered":"","protected":false},"author":4,"featured_media":567,"parent":2328,"menu_order":5,"comment_status":"closed","ping_status":"closed","template":"","meta":{"footnotes":""},"jezyki":[18,23,17],"specjalizacje":[27,166,71,57,167],"narodowosc":[12],"class_list":["post-2408","page","type-page","status-publish","has-post-thumbnail","hentry","jezyki-english","jezyki-german","jezyki-polish","specjalizacje-commercial-agreements-in-general","specjalizacje-e-commerce","specjalizacje-intellectual-property-law","specjalizacje-media-and-new-technologies","specjalizacje-personal-date-protection","narodowosc-polish"],"aioseo_notices":[],"_links":{"self":[{"href":"https:\/\/sadarbitrazowy.org.pl\/en\/wp-json\/wp\/v2\/pages\/2408"}],"collection":[{"href":"https:\/\/sadarbitrazowy.org.pl\/en\/wp-json\/wp\/v2\/pages"}],"about":[{"href":"https:\/\/sadarbitrazowy.org.pl\/en\/wp-json\/wp\/v2\/types\/page"}],"author":[{"embeddable":true,"href":"https:\/\/sadarbitrazowy.org.pl\/en\/wp-json\/wp\/v2\/users\/4"}],"replies":[{"embeddable":true,"href":"https:\/\/sadarbitrazowy.org.pl\/en\/wp-json\/wp\/v2\/comments?post=2408"}],"version-history":[{"count":6,"href":"https:\/\/sadarbitrazowy.org.pl\/en\/wp-json\/wp\/v2\/pages\/2408\/revisions"}],"predecessor-version":[{"id":2415,"href":"https:\/\/sadarbitrazowy.org.pl\/en\/wp-json\/wp\/v2\/pages\/2408\/revisions\/2415"}],"up":[{"embeddable":true,"href":"https:\/\/sadarbitrazowy.org.pl\/en\/wp-json\/wp\/v2\/pages\/2328"}],"wp:featuredmedia":[{"embeddable":true,"href":"https:\/\/sadarbitrazowy.org.pl\/en\/wp-json\/wp\/v2\/media\/567"}],"wp:attachment":[{"href":"https:\/\/sadarbitrazowy.org.pl\/en\/wp-json\/wp\/v2\/media?parent=2408"}],"wp:term":[{"taxonomy":"jezyki","embeddable":true,"href":"https:\/\/sadarbitrazowy.org.pl\/en\/wp-json\/wp\/v2\/jezyki?post=2408"},{"taxonomy":"specjalizacje","embeddable":true,"href":"https:\/\/sadarbitrazowy.org.pl\/en\/wp-json\/wp\/v2\/specjalizacje?post=2408"},{"taxonomy":"narodowosc","embeddable":true,"href":"https:\/\/sadarbitrazowy.org.pl\/en\/wp-json\/wp\/v2\/narodowosc?post=2408"}],"curies":[{"name":"wp","href":"https:\/\/api.w.org\/{rel}","templated":true}]}}