{"id":2462,"date":"2024-02-09T17:32:46","date_gmt":"2024-02-09T16:32:46","guid":{"rendered":"https:\/\/sadarbitrazowy.org.pl\/en\/?page_id=2462"},"modified":"2024-12-11T19:04:44","modified_gmt":"2024-12-11T18:04:44","slug":"maciej-kubiak","status":"publish","type":"page","link":"https:\/\/sadarbitrazowy.org.pl\/en\/court-of-arbitration\/list-of-recommended-arbitrators-for-the-creative-market-and-culture\/maciej-kubiak\/","title":{"rendered":"Wojciech Macha\u0142a"},"content":{"rendered":"\n  <div id=\"page-header-135424846\" class=\"page-header-wrapper\">\n  <div class=\"page-title dark featured-title\">\n\n        <div class=\"page-title-bg\">\n      <div class=\"title-bg fill bg-fill\"\n        data-parallax-container=\".page-title\"\n        data-parallax-background\n        data-parallax=\"-\">\n      <\/div>\n      <div class=\"title-overlay fill\"><\/div>\n    <\/div>\n    \n    <div class=\"page-title-inner container align-bottom flex-row medium-flex-wrap\" >\n              <div class=\"title-wrapper is-xlarge flex-col text-left medium-text-center\">\n          <h1 class=\"entry-title mb-0\">\n            Wojciech Macha\u0142a          <\/h1>\n        <\/div>\n                    <div class=\"title-content flex-col flex-right text-right medium-text-center\">\n        <div class=\"title-breadcrumbs pb-half pt-half\"><\/div>      <\/div>\n    <\/div>\n\n     \n<style>\n#page-header-135424846 .page-title-inner {\n  min-height: 22vh;\n}\n#page-header-135424846 {\n  margin-bottom: 10px;\n}\n#page-header-135424846 .title-bg {\n  background-image: url(https:\/\/sadarbitrazowy.org.pl\/en\/wp-content\/uploads\/sites\/4\/2022\/09\/IMG_20220928_124557-scaled.jpg);\n  background-position: 0% 25%;\n}\n#page-header-135424846 .title-overlay {\n  background-color: rgba(0, 0, 0, 0.3);\n}\n#page-header-135424846 .featured-title {\n  background-color: rgb(0,0,0);\n}\n<\/style>\n  <\/div>\n    <\/div>\n  \n\n<div class=\"row row-collapse\"  id=\"row-1210484481\">\n\n\n\t<div id=\"col-1981040040\" class=\"col hide-for-small medium-1 small-12 large-3\"  >\n\t\t\t\t<div class=\"col-inner\"  >\n\t\t\t\n\t\t\t\n\n\n\t\t<\/div>\n\t\t\t\t\t<\/div>\n\n\t\n\n\t<div id=\"col-79604010\" class=\"col medium-10 small-12 large-8\"  >\n\t\t\t\t<div class=\"col-inner\"  >\n\t\t\t\n\t\t\t\n\n\n\n<div class=\"aioseo-breadcrumbs\"><span class=\"aioseo-breadcrumb\">\n\tHomepage\n<\/span><\/div>\n\n\n\t\t<\/div>\n\t\t\t\t\t<\/div>\n\n\t\n\n\t<div id=\"col-1661687837\" class=\"col hide-for-small medium-1 small-12 large-1\"  >\n\t\t\t\t<div class=\"col-inner\"  >\n\t\t\t\n\t\t\t\n\n\n\t\t<\/div>\n\t\t\t\t\t<\/div>\n\n\t\n\n<\/div>\n\t<div id=\"gap-2084737877\" class=\"gap-element clearfix\" style=\"display:block; height:auto;\">\n\t\t\n<style>\n#gap-2084737877 {\n  padding-top: 80px;\n}\n<\/style>\n\t<\/div>\n\t\n\n<div class=\"row row-collapse align-center\"  id=\"row-933836387\">\n\n\n\t<div id=\"col-230937361\" class=\"col hide-for-small medium-1 small-12 large-3\"  >\n\t\t\t\t<div class=\"col-inner\"  >\n\t\t\t\n\t\t\t\n\n\n\t\t<\/div>\n\t\t\t\t\t<\/div>\n\n\t\n\n\t<div id=\"col-580723748\" class=\"col arbiter-tabela medium-10 small-12 large-8\"  >\n\t\t\t\t<div class=\"col-inner\"  >\n\t\t\t\n\t\t\t\n\n<div class=\"row row-collapse\"  id=\"row-1719593744\">\n\n\n\t<div id=\"col-825562537\" class=\"col medium-9 small-12 large-9\"  >\n\t\t\t\t<div class=\"col-inner\"  >\n\t\t\t\n\t\t\t\n\n<div class=\"row row-collapse\"  id=\"row-1553222781\">\n\n\n\t<div id=\"col-1406941600\" class=\"col small-6 large-12\"  >\n\t\t\t\t<div class=\"col-inner\"  >\n\t\t\t\n\t\t\t\n\n<h2>Wojciech Macha\u0142a<\/h2>\n\n\t\t<\/div>\n\t\t\t\t\t<\/div>\n\n\t\n\n<\/div>\n<div class=\"row row-collapse\"  id=\"row-1965797243\">\n\n\n\t<div id=\"col-1654438394\" class=\"col medium-4 small-6 large-4\"  >\n\t\t\t\t<div class=\"col-inner\"  >\n\t\t\t\n\t\t\t\n\n<h4>Year of birth<\/h4>\n\n\t\t<\/div>\n\t\t\t\t\t<\/div>\n\n\t\n\n\t<div id=\"col-104448743\" class=\"col medium-8 small-6 large-8\"  >\n\t\t\t\t<div class=\"col-inner\"  >\n\t\t\t\n\t\t\t\n\n<p>1970<\/p>\n\n\t\t<\/div>\n\t\t\t\t\t<\/div>\n\n\t\n\n<\/div>\n<div class=\"row row-collapse\"  id=\"row-1331551650\">\n\n\n\t<div id=\"col-907709558\" class=\"col medium-4 small-6 large-4\"  >\n\t\t\t\t<div class=\"col-inner\"  >\n\t\t\t\n\t\t\t\n\n<h4>Nationality<\/h4>\n\n\t\t<\/div>\n\t\t\t\t\t<\/div>\n\n\t\n\n\t<div id=\"col-161623288\" class=\"col medium-8 small-6 large-8\"  >\n\t\t\t\t<div class=\"col-inner\"  >\n\t\t\t\n\t\t\t<ul><li>Polish<\/li><\/ul>\n\n\n\n\n\n\n\t\t<\/div>\n\t\t\t\t\t<\/div>\n\n\t\n\n<\/div>\n<div class=\"row row-collapse\"  id=\"row-1220131172\">\n\n\n\t<div id=\"col-1403786594\" class=\"col medium-4 small-6 large-4\"  >\n\t\t\t\t<div class=\"col-inner\"  >\n\t\t\t\n\t\t\t\n\n<h4>Languages<\/h4>\n\n\t\t<\/div>\n\t\t\t\t\t<\/div>\n\n\t\n\n\t<div id=\"col-1016560605\" class=\"col medium-8 small-6 large-8\"  >\n\t\t\t\t<div class=\"col-inner\"  >\n\t\t\t\n\t\t\t<ul><li>English<\/li><li>Polish<\/li><\/ul>\n\n\n\n\n\n\n\t\t<\/div>\n\t\t\t\t\t<\/div>\n\n\t\n\n<\/div>\n<div class=\"row row-collapse\"  id=\"row-1570349989\">\n\n\n\t<div id=\"col-1918057171\" class=\"col medium-4 small-12 large-4\"  >\n\t\t\t\t<div class=\"col-inner\"  >\n\t\t\t\n\t\t\t\n\n<h4>Specializations<\/h4>\n\n\t\t<\/div>\n\t\t\t\t\t<\/div>\n\n\t\n\n\t<div id=\"col-254489352\" class=\"col medium-8 small-12 large-8\"  >\n\t\t\t\t<div class=\"col-inner\"  >\n\t\t\t\n\t\t\t<ul><li>intellectual property law<\/li><li>media and new technologies<\/li><\/ul>\n\n\n\n\n\n\n\t\t<\/div>\n\t\t\t\t\t<\/div>\n\n\t\n\n<\/div>\n<div class=\"row row-collapse\"  id=\"row-1018444509\">\n\n\n\t<div id=\"col-969727834\" class=\"col medium-4 small-12 large-4\"  >\n\t\t\t\t<div class=\"col-inner\"  >\n\t\t\t\n\t\t\t\n\n<h4>Professional certification<\/h4>\n<h4>&nbsp;<\/h4>\n<h4>Website<\/h4>\n\n\t\t<\/div>\n\t\t\t\t\t<\/div>\n\n\t\n\n\t<div id=\"col-530494308\" class=\"col medium-8 small-12 large-8\"  >\n\t\t\t\t<div class=\"col-inner\"  >\n\t\t\t\n\t\t\t\n\n<p>advocate<\/p>\n<p>\u00a0<\/p>\n<p>\u00a0<\/p>\n<p>\u00a0<\/p>\n\n\t\t<\/div>\n\t\t\t\t\t<\/div>\n\n\t\n\n<\/div>\n\n\t\t<\/div>\n\t\t\t\t\t<\/div>\n\n\t\n\n\t<div id=\"col-457942575\" class=\"col medium-3 small-12 large-3 small-col-first\"  >\n\t\t\t\t<div class=\"col-inner\"  >\n\t\t\t\n\t\t\t\n\n\t<div class=\"box has-hover   has-hover box-text-bottom\" >\n\n\t\t<div class=\"box-image\" style=\"border-radius:49%;\">\n\t\t\t\t\t\t<div class=\"image-cover\" style=\"padding-top:100%;\">\n\t\t\t\t<img loading=\"lazy\" decoding=\"async\" width=\"1365\" height=\"1823\" src=\"https:\/\/sadarbitrazowy.org.pl\/en\/wp-content\/uploads\/sites\/4\/2024\/12\/DW_013-Edit-ma.png\" class=\"attachment-original size-original\" alt=\"\" srcset=\"https:\/\/sadarbitrazowy.org.pl\/en\/wp-content\/uploads\/sites\/4\/2024\/12\/DW_013-Edit-ma.png 1365w, https:\/\/sadarbitrazowy.org.pl\/en\/wp-content\/uploads\/sites\/4\/2024\/12\/DW_013-Edit-ma-1198x1600.png 1198w, https:\/\/sadarbitrazowy.org.pl\/en\/wp-content\/uploads\/sites\/4\/2024\/12\/DW_013-Edit-ma-768x1026.png 768w, https:\/\/sadarbitrazowy.org.pl\/en\/wp-content\/uploads\/sites\/4\/2024\/12\/DW_013-Edit-ma-1150x1536.png 1150w\" sizes=\"(max-width: 1365px) 100vw, 1365px\" \/>\t\t\t\t\t\t\t\t\t\t\t<\/div>\n\t\t\t\t\t<\/div>\n\n\t\t<div class=\"box-text text-center\" >\n\t\t\t<div class=\"box-text-inner\">\n\t\t\t\t\n\n\n\t\t\t<\/div>\n\t\t<\/div>\n\t<\/div>\n\t\n\n\t\t<\/div>\n\t\t\t\t\t<\/div>\n\n\t\n\n<\/div>\n\n\t\t<\/div>\n\t\t\t\t\t<\/div>\n\n\t\n\n\t<div id=\"col-1892080706\" class=\"col hide-for-small medium-1 small-12 large-1\"  >\n\t\t\t\t<div class=\"col-inner\"  >\n\t\t\t\n\t\t\t\n\n\n\t\t<\/div>\n\t\t\t\t\t<\/div>\n\n\t\n\n<\/div>\n<div class=\"row row-collapse align-center\"  id=\"row-681118854\">\n\n\n\t<div id=\"col-977932374\" class=\"col hide-for-small medium-1 small-12 large-3\"  >\n\t\t\t\t<div class=\"col-inner\"  >\n\t\t\t\n\t\t\t\n\n\n\t\t<\/div>\n\t\t\t\t\t<\/div>\n\n\t\n\n\t<div id=\"col-1066663060\" class=\"col arbiter-bio medium-10 small-12 large-8\"  >\n\t\t\t\t<div class=\"col-inner\"  >\n\t\t\t\n\t\t\t\n\n<h4>Education<\/h4>\n<ul>\n<li>Master Degree in Law (University of Warsaw) \u2013 1995;<\/li>\n<li><span style=\"color: #555555\">PhD in Law (University of Warsaw) \u2013 1999;<\/span><\/li>\n<li><span style=\"color: #555555\">Dr hab. Degree (University of Warsaw) &#8211; 2014.<\/span><\/li>\n<\/ul>\n<h4>Professional career<\/h4>\n<ul>\n<li>Assistant Professor at Intellectual Property Chair Faculty of Law and Administration University of Warsaw \u2013 since 2000;<\/li>\n<li><span style=\"color: #555555\">Advocate in Warsaw \u2013 since 2001 (individual practice);<\/span><\/li>\n<li><span style=\"color: #555555\">Of counsel at SKP \u015alusarek Kubiak Pieczyk Sp.k. (of counsel) \u2013 since 2022.<\/span><\/li>\n<\/ul>\n<h4>Arbitration experience<\/h4>\n<ul>\n<li>Arbitator at S\u0105d Polubowny ds. Domen Internetowych przy PIIT \u2013 <br \/>od 2007 r.;<\/li>\n<li><span style=\"color: #555555\">Arbitrator at Sta\u0142y S\u0105d Polubowny przy Fundacji Adwokatury Polskiej \u2013 2006-2008.<\/span><\/li>\n<\/ul>\n<h4 class=\"arbitrator-exp-heading\">Membership in organizations<\/h4>\n<ul>\n<li>Warsaw Bar Council (since 2001), judge at Disciplinary Court at Warsaw Bar Council (since 2008).<\/li>\n<\/ul>\n<h4>Publications<\/h4>\n<ol>\n<li>\n<p><strong>Utw\u00f3r. <\/strong><strong>Przedmiot prawa autorskiego. Wwa 2012 C.H. Beck ss. <\/strong><strong>XIV + 257, bibliogr., indeks rzeczowy.<\/strong> Wydawnictwo C.H. Beck, 2012<\/p>\n<p><em>Wojciech Macha\u0142a<\/em><\/p>\n<\/li>\n<li>\n<p><strong>Prawo autorskie i prawa pokrewne : komentarz \/ redakcja naukowa Wojciech Macha\u0142a, Rafa\u0142 M. Sarbi\u0144ski . <\/strong>\u00a02019<\/p>\n<\/li>\n<li>\n<p><strong>Status normatywny wsp\u00f3\u0142autorstwa (wielopodmiotowo\u015bci autorskiej) \u2013 pr\u00f3ba nowego uj\u0119cia problematyki<\/strong> ZNUJ PzPWI z. 2(148) 2020<\/p>\n<p>Wojciech Macha\u0142a, Marci\u0144 M. Cie\u015bli\u0144ski<\/p>\n<\/li>\n<li>\n<p><strong>Prawo w\u0142asno\u015bci przemys\u0142owej : komentarz \/ redaktor Joanna Sie\u0144czy\u0142o-Chlabicz. &#8211; Stan prawny na 1.1.2020 r. &#8211; Warszawa: Wydawnictwo C. H. Beck, 2020 s. 499-630. <\/strong><\/p>\n<p><em>W\u0142odzimierz Wr\u00f3bel, Andrzej Szewc, Gabriela Jy\u017c, Wojciech Macha\u0142a, Pawe\u0142 Podrecki, Marek Salamonowicz, Marcin Trzebiatowski, El\u017cbieta Wojcieszko-G\u0142uszko, Katarzyna Jasi\u0144ska, Piotr Kosta\u0144ski, Magdalena Rutkowska-Sowa, Grzegorz Rz\u0105sa, Stanis\u0142aw Tosza, Tomasz Zimny, Marcin Andrzejewski, Monika Chimiak<\/em><\/p>\n<\/li>\n<li>\n<p><strong>Brzechwa. Poeta w adwokackiej todze <\/strong>red. Przemys\u0142aw Pola\u0144ski, Warszawa 2022<\/p>\n<p><em>Ewa Fabian, Dawid Kot, Wojciech Macha\u0142a, Przemys\u0142aw Pola\u0144ski, Mariusz Urbanek<\/em><\/p>\n<\/li>\n<li>\n<p><strong>K\u0142opotliwa dychotomia. G\u0142os w sprawie wyznaczenia granicy mi\u0119dzy przedmiotem prawa autorskiego a tw\u00f3rczo\u015bci\u0105 niechronion\u0105 prawnoautorsko<\/strong><br \/>&#8222;Zeszyty Naukowe Uniwersytetu Jagiello\u0144skiego &#8222;Prace z prawa w\u0142asno\u015bci intelektualnej&#8221;&#8221;<br \/>Zeszyt: 157\/2022<\/p>\n<p><em>Wojciech Macha\u0142a<\/em><\/p>\n<\/li>\n<li>\n<p><strong>Niebezpieczna (potencjalnie) zabawa z prawem autorskim, czyli dylemat fanfiction <\/strong><\/p>\n<p>&#8222;Zeszyty Naukowe Uniwersytetu Jagiello\u0144skiego &#8222;Prace z prawa w\u0142asno\u015bci intelektualnej&#8221;&#8221;<br \/>Zeszyt: 160\/2023<\/p>\n<p><em>Wojciech Macha\u0142a<\/em><\/p>\n<\/li>\n<\/ol>\n<h4>\u00a0<\/h4>\n<p>\u00a0<\/p>\n\n\t\t<\/div>\n\t\t\t\t\t<\/div>\n\n\t\n\n\t<div id=\"col-911976345\" class=\"col hide-for-small medium-1 small-12 large-1\"  >\n\t\t\t\t<div class=\"col-inner\"  >\n\t\t\t\n\t\t\t\n\n\n\t\t<\/div>\n\t\t\t\t\t<\/div>\n\n\t\n\n<\/div>\n\n","protected":false},"excerpt":{"rendered":"","protected":false},"author":4,"featured_media":567,"parent":2328,"menu_order":13,"comment_status":"closed","ping_status":"closed","template":"","meta":{"footnotes":""},"jezyki":[18,17],"specjalizacje":[71,57],"narodowosc":[12],"class_list":["post-2462","page","type-page","status-publish","has-post-thumbnail","hentry","jezyki-english","jezyki-polish","specjalizacje-intellectual-property-law","specjalizacje-media-and-new-technologies","narodowosc-polish"],"aioseo_notices":[],"_links":{"self":[{"href":"https:\/\/sadarbitrazowy.org.pl\/en\/wp-json\/wp\/v2\/pages\/2462"}],"collection":[{"href":"https:\/\/sadarbitrazowy.org.pl\/en\/wp-json\/wp\/v2\/pages"}],"about":[{"href":"https:\/\/sadarbitrazowy.org.pl\/en\/wp-json\/wp\/v2\/types\/page"}],"author":[{"embeddable":true,"href":"https:\/\/sadarbitrazowy.org.pl\/en\/wp-json\/wp\/v2\/users\/4"}],"replies":[{"embeddable":true,"href":"https:\/\/sadarbitrazowy.org.pl\/en\/wp-json\/wp\/v2\/comments?post=2462"}],"version-history":[{"count":15,"href":"https:\/\/sadarbitrazowy.org.pl\/en\/wp-json\/wp\/v2\/pages\/2462\/revisions"}],"predecessor-version":[{"id":2893,"href":"https:\/\/sadarbitrazowy.org.pl\/en\/wp-json\/wp\/v2\/pages\/2462\/revisions\/2893"}],"up":[{"embeddable":true,"href":"https:\/\/sadarbitrazowy.org.pl\/en\/wp-json\/wp\/v2\/pages\/2328"}],"wp:featuredmedia":[{"embeddable":true,"href":"https:\/\/sadarbitrazowy.org.pl\/en\/wp-json\/wp\/v2\/media\/567"}],"wp:attachment":[{"href":"https:\/\/sadarbitrazowy.org.pl\/en\/wp-json\/wp\/v2\/media?parent=2462"}],"wp:term":[{"taxonomy":"jezyki","embeddable":true,"href":"https:\/\/sadarbitrazowy.org.pl\/en\/wp-json\/wp\/v2\/jezyki?post=2462"},{"taxonomy":"specjalizacje","embeddable":true,"href":"https:\/\/sadarbitrazowy.org.pl\/en\/wp-json\/wp\/v2\/specjalizacje?post=2462"},{"taxonomy":"narodowosc","embeddable":true,"href":"https:\/\/sadarbitrazowy.org.pl\/en\/wp-json\/wp\/v2\/narodowosc?post=2462"}],"curies":[{"name":"wp","href":"https:\/\/api.w.org\/{rel}","templated":true}]}}