{"id":2515,"date":"2024-02-09T18:57:13","date_gmt":"2024-02-09T17:57:13","guid":{"rendered":"https:\/\/sadarbitrazowy.org.pl\/en\/?page_id=2515"},"modified":"2024-12-11T18:28:50","modified_gmt":"2024-12-11T17:28:50","slug":"pawel-podrecki","status":"publish","type":"page","link":"https:\/\/sadarbitrazowy.org.pl\/en\/court-of-arbitration\/list-of-recommended-arbitrators-for-the-creative-market-and-culture\/pawel-podrecki\/","title":{"rendered":"Pawe\u0142 Podrecki"},"content":{"rendered":"\n  <div id=\"page-header-165730552\" class=\"page-header-wrapper\">\n  <div class=\"page-title dark featured-title\">\n\n        <div class=\"page-title-bg\">\n      <div class=\"title-bg fill bg-fill\"\n        data-parallax-container=\".page-title\"\n        data-parallax-background\n        data-parallax=\"-\">\n      <\/div>\n      <div class=\"title-overlay fill\"><\/div>\n    <\/div>\n    \n    <div class=\"page-title-inner container align-bottom flex-row medium-flex-wrap\" >\n              <div class=\"title-wrapper is-xlarge flex-col text-left medium-text-center\">\n          <h1 class=\"entry-title mb-0\">\n            Pawe\u0142 Podrecki          <\/h1>\n        <\/div>\n                    <div class=\"title-content flex-col flex-right text-right medium-text-center\">\n        <div class=\"title-breadcrumbs pb-half pt-half\"><\/div>      <\/div>\n    <\/div>\n\n     \n<style>\n#page-header-165730552 .page-title-inner {\n  min-height: 22vh;\n}\n#page-header-165730552 {\n  margin-bottom: 10px;\n}\n#page-header-165730552 .title-bg {\n  background-image: url(https:\/\/sadarbitrazowy.org.pl\/en\/wp-content\/uploads\/sites\/4\/2022\/09\/IMG_20220928_124557-scaled.jpg);\n  background-position: 0% 25%;\n}\n#page-header-165730552 .title-overlay {\n  background-color: rgba(0, 0, 0, 0.3);\n}\n#page-header-165730552 .featured-title {\n  background-color: rgb(0,0,0);\n}\n<\/style>\n  <\/div>\n    <\/div>\n  \n\n<div class=\"row row-collapse\"  id=\"row-608032349\">\n\n\n\t<div id=\"col-1619063092\" class=\"col hide-for-small medium-1 small-12 large-3\"  >\n\t\t\t\t<div class=\"col-inner\"  >\n\t\t\t\n\t\t\t\n\n\n\t\t<\/div>\n\t\t\t\t\t<\/div>\n\n\t\n\n\t<div id=\"col-1682986189\" class=\"col medium-10 small-12 large-8\"  >\n\t\t\t\t<div class=\"col-inner\"  >\n\t\t\t\n\t\t\t\n\n\n\n<div class=\"aioseo-breadcrumbs\"><span class=\"aioseo-breadcrumb\">\n\tHomepage\n<\/span><\/div>\n\n\n\t\t<\/div>\n\t\t\t\t\t<\/div>\n\n\t\n\n\t<div id=\"col-1262870553\" class=\"col hide-for-small medium-1 small-12 large-1\"  >\n\t\t\t\t<div class=\"col-inner\"  >\n\t\t\t\n\t\t\t\n\n\n\t\t<\/div>\n\t\t\t\t\t<\/div>\n\n\t\n\n<\/div>\n\t<div id=\"gap-1741288654\" class=\"gap-element clearfix\" style=\"display:block; height:auto;\">\n\t\t\n<style>\n#gap-1741288654 {\n  padding-top: 80px;\n}\n<\/style>\n\t<\/div>\n\t\n\n<div class=\"row row-collapse align-center\"  id=\"row-1499073002\">\n\n\n\t<div id=\"col-278435385\" class=\"col hide-for-small medium-1 small-12 large-3\"  >\n\t\t\t\t<div class=\"col-inner\"  >\n\t\t\t\n\t\t\t\n\n\n\t\t<\/div>\n\t\t\t\t\t<\/div>\n\n\t\n\n\t<div id=\"col-705416477\" class=\"col arbiter-tabela medium-10 small-12 large-8\"  >\n\t\t\t\t<div class=\"col-inner\"  >\n\t\t\t\n\t\t\t\n\n<div class=\"row row-collapse\"  id=\"row-1326122226\">\n\n\n\t<div id=\"col-480932825\" class=\"col medium-9 small-12 large-9\"  >\n\t\t\t\t<div class=\"col-inner\"  >\n\t\t\t\n\t\t\t\n\n<div class=\"row row-collapse\"  id=\"row-2121836140\">\n\n\n\t<div id=\"col-223639663\" class=\"col small-6 large-12\"  >\n\t\t\t\t<div class=\"col-inner\"  >\n\t\t\t\n\t\t\t\n\n<h2>Pawe\u0142 Podrecki<\/h2>\n\n\t\t<\/div>\n\t\t\t\t\t<\/div>\n\n\t\n\n<\/div>\n<div class=\"row row-collapse\"  id=\"row-1810173386\">\n\n\n\t<div id=\"col-1691649033\" class=\"col medium-4 small-6 large-4\"  >\n\t\t\t\t<div class=\"col-inner\"  >\n\t\t\t\n\t\t\t\n\n<h4>Year of birth<\/h4>\n\n\t\t<\/div>\n\t\t\t\t\t<\/div>\n\n\t\n\n\t<div id=\"col-1995509273\" class=\"col medium-8 small-6 large-8\"  >\n\t\t\t\t<div class=\"col-inner\"  >\n\t\t\t\n\t\t\t\n\n<p>1968<\/p>\n\n\t\t<\/div>\n\t\t\t\t\t<\/div>\n\n\t\n\n<\/div>\n<div class=\"row row-collapse\"  id=\"row-544967820\">\n\n\n\t<div id=\"col-1454964702\" class=\"col medium-4 small-6 large-4\"  >\n\t\t\t\t<div class=\"col-inner\"  >\n\t\t\t\n\t\t\t\n\n<h4>Nationality<\/h4>\n\n\t\t<\/div>\n\t\t\t\t\t<\/div>\n\n\t\n\n\t<div id=\"col-615720262\" class=\"col medium-8 small-6 large-8\"  >\n\t\t\t\t<div class=\"col-inner\"  >\n\t\t\t\n\t\t\t<ul><li>Polish<\/li><\/ul>\n\n\n\n\n\n\n\t\t<\/div>\n\t\t\t\t\t<\/div>\n\n\t\n\n<\/div>\n<div class=\"row row-collapse\"  id=\"row-131471528\">\n\n\n\t<div id=\"col-988597571\" class=\"col medium-4 small-6 large-4\"  >\n\t\t\t\t<div class=\"col-inner\"  >\n\t\t\t\n\t\t\t\n\n<h4>Languages<\/h4>\n\n\t\t<\/div>\n\t\t\t\t\t<\/div>\n\n\t\n\n\t<div id=\"col-1340807078\" class=\"col medium-8 small-6 large-8\"  >\n\t\t\t\t<div class=\"col-inner\"  >\n\t\t\t\n\t\t\t<ul><li>German<\/li><li>Polish<\/li><\/ul>\n\n\n\n\n\n\n\t\t<\/div>\n\t\t\t\t\t<\/div>\n\n\t\n\n<\/div>\n<div class=\"row row-collapse\"  id=\"row-2109919008\">\n\n\n\t<div id=\"col-841690280\" class=\"col medium-4 small-12 large-4\"  >\n\t\t\t\t<div class=\"col-inner\"  >\n\t\t\t\n\t\t\t\n\n<h4>Specializations<\/h4>\n\n\t\t<\/div>\n\t\t\t\t\t<\/div>\n\n\t\n\n\t<div id=\"col-1914650457\" class=\"col medium-8 small-12 large-8\"  >\n\t\t\t\t<div class=\"col-inner\"  >\n\t\t\t\n\t\t\t<ul><li>agency distribution franchising<\/li><li>antimonopoly law<\/li><li>commercial agreements in general<\/li><li>competition<\/li><li>intellectual property law<\/li><li>media and new technologies<\/li><li>pharmaceutical law<\/li><\/ul>\n\n\n\n\n\n\n\t\t<\/div>\n\t\t\t\t\t<\/div>\n\n\t\n\n<\/div>\n<div class=\"row row-collapse\"  id=\"row-2024701934\">\n\n\n\t<div id=\"col-1291323179\" class=\"col medium-4 small-12 large-4\"  >\n\t\t\t\t<div class=\"col-inner\"  >\n\t\t\t\n\t\t\t\n\n<h4>Professional certification<\/h4>\n<h4>&nbsp;<\/h4>\n<h4>Website<\/h4>\n\n\t\t<\/div>\n\t\t\t\t\t<\/div>\n\n\t\n\n\t<div id=\"col-301056549\" class=\"col medium-8 small-12 large-8\"  >\n\t\t\t\t<div class=\"col-inner\"  >\n\t\t\t\n\t\t\t\n\n<p>advocate<\/p>\n<p>&nbsp;<\/p>\n<p><a href=\"http:\/\/www.traple.pl\">http:\/\/www.traple.pl<\/a><\/p>\n\n\t\t<\/div>\n\t\t\t\t\t<\/div>\n\n\t\n\n<\/div>\n\n\t\t<\/div>\n\t\t\t\t\t<\/div>\n\n\t\n\n\t<div id=\"col-1152093372\" class=\"col medium-3 small-12 large-3 small-col-first\"  >\n\t\t\t\t<div class=\"col-inner\"  >\n\t\t\t\n\t\t\t\n\n\t<div class=\"box has-hover   has-hover box-text-bottom\" >\n\n\t\t<div class=\"box-image\" style=\"border-radius:49%;\">\n\t\t\t\t\t\t<div class=\"image-cover\" style=\"padding-top:100%;\">\n\t\t\t\t<img loading=\"lazy\" decoding=\"async\" width=\"444\" height=\"480\" src=\"https:\/\/sadarbitrazowy.org.pl\/en\/wp-content\/uploads\/sites\/4\/2024\/02\/podrecki-1.jpg\" class=\"attachment-original size-original\" alt=\"\" \/>\t\t\t\t\t\t\t\t\t\t\t<\/div>\n\t\t\t\t\t<\/div>\n\n\t\t<div class=\"box-text text-center\" >\n\t\t\t<div class=\"box-text-inner\">\n\t\t\t\t\n\n\n\t\t\t<\/div>\n\t\t<\/div>\n\t<\/div>\n\t\n\n\t\t<\/div>\n\t\t\t\t\t<\/div>\n\n\t\n\n<\/div>\n\n\t\t<\/div>\n\t\t\t\t\t<\/div>\n\n\t\n\n\t<div id=\"col-75239371\" class=\"col hide-for-small medium-1 small-12 large-1\"  >\n\t\t\t\t<div class=\"col-inner\"  >\n\t\t\t\n\t\t\t\n\n\n\t\t<\/div>\n\t\t\t\t\t<\/div>\n\n\t\n\n<\/div>\n<div class=\"row row-collapse align-center\"  id=\"row-107818096\">\n\n\n\t<div id=\"col-1746296687\" class=\"col hide-for-small medium-1 small-12 large-3\"  >\n\t\t\t\t<div class=\"col-inner\"  >\n\t\t\t\n\t\t\t\n\n\n\t\t<\/div>\n\t\t\t\t\t<\/div>\n\n\t\n\n\t<div id=\"col-1780647800\" class=\"col arbiter-bio medium-10 small-12 large-8\"  >\n\t\t\t\t<div class=\"col-inner\"  >\n\t\t\t\n\t\t\t\n\n<h4>Education<\/h4>\n<ul>\n<li>Mgr &#8211; Jagiellonian University (1992);<\/li>\n<li>Dr &#8211; Jagiellonian University (1998);<\/li>\n<li>Dr hab. &#8211; Jagiellonian University (2011);<\/li>\n<li>Professor at the Institute of Law Studies of the Polish Academy of Sciences (2017).<\/li>\n<\/ul>\n<h4>Professional career<\/h4>\n<p style=\"padding-left: 40px\">Attorney-at-Law, Senior Partner and co-founder of Traple Konarski Podrecki i Wsp\u00f3lnicy. An expert legal practitioner with a long track record in intellectual property law, competition law, new technologies law, and civil and litigation law. Pawe\u0142 acts as a proxy and counsel to the management of numerous Polish companies and foreign companies operating in Poland. At TKP, he oversees the IP practice, which is the largest and is a frequently recommended practice group. It consists of the industrial property, copyright, life sciences, and also competition and consumer protection, litigation, and real estate teams. He has been frequently recommended in Polish and international intellectual property law and competition law rankings (including Chambers Europe, Chambers Global, WTR1000, Legal 500, and Lider IP Rzeczpospolita 2021\/22\/23).<br>Pawe\u0142 combines his legal practice with academic work. He is a professor at the Institute of Law Studies of the Polish Academy of Sciences (INP PAN), and head of the Private Law Center and New Technologies Law Center at the INP PAN. He is also head of new technologies law and public procurement law postgraduate studies. He gives lectures and seminars at the Jagiellonian University on civil law, industrial property law, and law on competition and combating unfair competition. Pawe\u0142 is a postgraduate studies lecturer at the Jagiellonian University and Polish Academy of Sciences, and in bar training. He also lectures at the Jagiellonian University German Law School and at the University of Vienna. He was awarded a scholarship at the Max-Planck-Institut f\u00fcr Immaterialg\u00fcter-und Wettbewerbsrecht in Munich and the Universities of Berlin and Vienna.<\/p>\n<h4>Arbitration experience<\/h4>\n<p style=\"padding-left: 40px\">Arbiter at the Internet Domain Arbitration Court. He has also acted as an arbiter for the Copyright Law Committee and an arbiter at the Court of Arbitration at the Polish Chamber of Commerce in Warsaw.<\/p>\n<h4 class=\"arbitrator-exp-heading\">Membership in organizations<\/h4>\n<p style=\"padding-left: 40px\">He is a member of the Competition Law Association, the Association for the Protection of Industrial Property, Intellectual Property and Competition Law Association, and the New Technologies Law Association.<\/p>\n<h4>Publications<\/h4>\n<ol>\n<li>\n<p>\u015arodki ochrony praw w\u0142asno\u015bci intelektualnej, Warszawa 2011 (Wolters Kluwer).<\/p>\n<\/li>\n<li>\n<p>Rozstrzyganie spor\u00f3w o nazwy domen internetowych. Arbitra\u017c handlowy, System prawa handlowego, T.8, (Red. A. Szuma\u0144ski), Warszawa 2015 (C.H. Beck).<\/p>\n<\/li>\n<li>\n<p>Komentarz do ustawy o prawie autorskim i prawach pokrewnych (Rozdzia\u0142 8 i 9) P. Podrecki, M. Bukowski, D.Flisak, Z. Oko\u0144, J. Raglewski, S. Stanis\u0142awska-Kloc, T. Targosz (red. D. Flisak) Warszawa 2015 (Wolters Kluwer).<\/p>\n<\/li>\n<li>\n<p>Prawo w\u0142asno\u015bci przemys\u0142owej, System Prawa Handlowego, t. 3 (red. E. Nowi\u0144ska; K. Szczepanowska-Koz\u0142owska) Warszawa 2015 (C.H. Beck).<\/p>\n<\/li>\n<li>\n<p>Roszczenia z tytu\u0142u naruszenia praw w\u0142asno\u015bci przemys\u0142owej. Komentarz Prawo w\u0142asno\u015bci przemys\u0142owej (Red. J. Sie\u0144czy\u0142o-Chlabicz) Warszawa 2020 (C.H. Beck).<\/p>\n<\/li>\n<li>\n<p>Umowy licencyjne i inne umowy transferu technologii w \u015bwietle europejskiego i polskiego prawa konkurencji, Prawo patentowe (Red. M. du Vall. E. Traple) Warszawa 2020 (C.H. Beck). <\/p>\n<\/li>\n<\/ol>\n<h4>&nbsp;<\/h4>\n<p>&nbsp;<\/p>\n\n\t\t<\/div>\n\t\t\t\t\t<\/div>\n\n\t\n\n\t<div id=\"col-376922147\" class=\"col hide-for-small medium-1 small-12 large-1\"  >\n\t\t\t\t<div class=\"col-inner\"  >\n\t\t\t\n\t\t\t\n\n\n\t\t<\/div>\n\t\t\t\t\t<\/div>\n\n\t\n\n<\/div>\n","protected":false},"excerpt":{"rendered":"","protected":false},"author":4,"featured_media":567,"parent":2328,"menu_order":19,"comment_status":"closed","ping_status":"closed","template":"","meta":{"footnotes":""},"jezyki":[23,17],"specjalizacje":[154,43,27,28,71,57,67],"narodowosc":[12],"class_list":["post-2515","page","type-page","status-publish","has-post-thumbnail","hentry","jezyki-german","jezyki-polish","specjalizacje-agency-distribution-franchising","specjalizacje-antimonopoly-law","specjalizacje-commercial-agreements-in-general","specjalizacje-competition","specjalizacje-intellectual-property-law","specjalizacje-media-and-new-technologies","specjalizacje-pharmaceutical-law","narodowosc-polish"],"aioseo_notices":[],"_links":{"self":[{"href":"https:\/\/sadarbitrazowy.org.pl\/en\/wp-json\/wp\/v2\/pages\/2515"}],"collection":[{"href":"https:\/\/sadarbitrazowy.org.pl\/en\/wp-json\/wp\/v2\/pages"}],"about":[{"href":"https:\/\/sadarbitrazowy.org.pl\/en\/wp-json\/wp\/v2\/types\/page"}],"author":[{"embeddable":true,"href":"https:\/\/sadarbitrazowy.org.pl\/en\/wp-json\/wp\/v2\/users\/4"}],"replies":[{"embeddable":true,"href":"https:\/\/sadarbitrazowy.org.pl\/en\/wp-json\/wp\/v2\/comments?post=2515"}],"version-history":[{"count":5,"href":"https:\/\/sadarbitrazowy.org.pl\/en\/wp-json\/wp\/v2\/pages\/2515\/revisions"}],"predecessor-version":[{"id":2522,"href":"https:\/\/sadarbitrazowy.org.pl\/en\/wp-json\/wp\/v2\/pages\/2515\/revisions\/2522"}],"up":[{"embeddable":true,"href":"https:\/\/sadarbitrazowy.org.pl\/en\/wp-json\/wp\/v2\/pages\/2328"}],"wp:featuredmedia":[{"embeddable":true,"href":"https:\/\/sadarbitrazowy.org.pl\/en\/wp-json\/wp\/v2\/media\/567"}],"wp:attachment":[{"href":"https:\/\/sadarbitrazowy.org.pl\/en\/wp-json\/wp\/v2\/media?parent=2515"}],"wp:term":[{"taxonomy":"jezyki","embeddable":true,"href":"https:\/\/sadarbitrazowy.org.pl\/en\/wp-json\/wp\/v2\/jezyki?post=2515"},{"taxonomy":"specjalizacje","embeddable":true,"href":"https:\/\/sadarbitrazowy.org.pl\/en\/wp-json\/wp\/v2\/specjalizacje?post=2515"},{"taxonomy":"narodowosc","embeddable":true,"href":"https:\/\/sadarbitrazowy.org.pl\/en\/wp-json\/wp\/v2\/narodowosc?post=2515"}],"curies":[{"name":"wp","href":"https:\/\/api.w.org\/{rel}","templated":true}]}}