{"id":2872,"date":"2024-12-11T18:25:25","date_gmt":"2024-12-11T17:25:25","guid":{"rendered":"https:\/\/sadarbitrazowy.org.pl\/en\/?page_id=2872"},"modified":"2024-12-11T19:20:16","modified_gmt":"2024-12-11T18:20:16","slug":"joanna-matczuk","status":"publish","type":"page","link":"https:\/\/sadarbitrazowy.org.pl\/en\/court-of-arbitration\/list-of-recommended-arbitrators-for-the-creative-market-and-culture\/joanna-matczuk\/","title":{"rendered":"Joanna Matczuk"},"content":{"rendered":"\n  <div id=\"page-header-1244497618\" class=\"page-header-wrapper\">\n  <div class=\"page-title dark featured-title\">\n\n        <div class=\"page-title-bg\">\n      <div class=\"title-bg fill bg-fill\"\n        data-parallax-container=\".page-title\"\n        data-parallax-background\n        data-parallax=\"-\">\n      <\/div>\n      <div class=\"title-overlay fill\"><\/div>\n    <\/div>\n    \n    <div class=\"page-title-inner container align-bottom flex-row medium-flex-wrap\" >\n              <div class=\"title-wrapper is-xlarge flex-col text-left medium-text-center\">\n          <h1 class=\"entry-title mb-0\">\n            Joanna Matczuk          <\/h1>\n        <\/div>\n                    <div class=\"title-content flex-col flex-right text-right medium-text-center\">\n        <div class=\"title-breadcrumbs pb-half pt-half\"><\/div>      <\/div>\n    <\/div>\n\n     \n<style>\n#page-header-1244497618 .page-title-inner {\n  min-height: 22vh;\n}\n#page-header-1244497618 {\n  margin-bottom: 10px;\n}\n#page-header-1244497618 .title-bg {\n  background-image: url(https:\/\/sadarbitrazowy.org.pl\/en\/wp-content\/uploads\/sites\/4\/2022\/09\/IMG_20220928_124557-scaled.jpg);\n  background-position: 0% 25%;\n}\n#page-header-1244497618 .title-overlay {\n  background-color: rgba(0, 0, 0, 0.3);\n}\n#page-header-1244497618 .featured-title {\n  background-color: rgb(0,0,0);\n}\n<\/style>\n  <\/div>\n    <\/div>\n  \n\n<div class=\"row row-collapse\"  id=\"row-1754468267\">\n\n\n\t<div id=\"col-2064893142\" class=\"col hide-for-small medium-1 small-12 large-3\"  >\n\t\t\t\t<div class=\"col-inner\"  >\n\t\t\t\n\t\t\t\n\n\n\t\t<\/div>\n\t\t\t\t\t<\/div>\n\n\t\n\n\t<div id=\"col-1854182994\" class=\"col medium-10 small-12 large-8\"  >\n\t\t\t\t<div class=\"col-inner\"  >\n\t\t\t\n\t\t\t\n\n\n\n<div class=\"aioseo-breadcrumbs\"><span class=\"aioseo-breadcrumb\">\n\tHomepage\n<\/span><\/div>\n\n\n\t\t<\/div>\n\t\t\t\t\t<\/div>\n\n\t\n\n\t<div id=\"col-884178384\" class=\"col hide-for-small medium-1 small-12 large-1\"  >\n\t\t\t\t<div class=\"col-inner\"  >\n\t\t\t\n\t\t\t\n\n\n\t\t<\/div>\n\t\t\t\t\t<\/div>\n\n\t\n\n<\/div>\n\t<div id=\"gap-190595109\" class=\"gap-element clearfix\" style=\"display:block; height:auto;\">\n\t\t\n<style>\n#gap-190595109 {\n  padding-top: 80px;\n}\n<\/style>\n\t<\/div>\n\t\n\n<div class=\"row row-collapse align-center\"  id=\"row-686733825\">\n\n\n\t<div id=\"col-902899524\" class=\"col hide-for-small medium-1 small-12 large-3\"  >\n\t\t\t\t<div class=\"col-inner\"  >\n\t\t\t\n\t\t\t\n\n\n\t\t<\/div>\n\t\t\t\t\t<\/div>\n\n\t\n\n\t<div id=\"col-273154923\" class=\"col arbiter-tabela medium-10 small-12 large-8\"  >\n\t\t\t\t<div class=\"col-inner\"  >\n\t\t\t\n\t\t\t\n\n<div class=\"row row-collapse\"  id=\"row-1132595801\">\n\n\n\t<div id=\"col-1473973377\" class=\"col medium-9 small-12 large-9\"  >\n\t\t\t\t<div class=\"col-inner\"  >\n\t\t\t\n\t\t\t\n\n<div class=\"row row-collapse\"  id=\"row-1687550716\">\n\n\n\t<div id=\"col-585526558\" class=\"col small-6 large-12\"  >\n\t\t\t\t<div class=\"col-inner\"  >\n\t\t\t\n\t\t\t\n\n<h2>Judyta Matczuk<\/h2>\n\n\t\t<\/div>\n\t\t\t\t\t<\/div>\n\n\t\n\n<\/div>\n<div class=\"row row-collapse\"  id=\"row-1499279369\">\n\n\n\t<div id=\"col-1873792342\" class=\"col medium-4 small-6 large-4\"  >\n\t\t\t\t<div class=\"col-inner\"  >\n\t\t\t\n\t\t\t\n\n<h4>Year of birth<\/h4>\n\n\t\t<\/div>\n\t\t\t\t\t<\/div>\n\n\t\n\n\t<div id=\"col-2044710462\" class=\"col medium-8 small-6 large-8\"  >\n\t\t\t\t<div class=\"col-inner\"  >\n\t\t\t\n\t\t\t\n\n<p>1983<\/p>\n\n\t\t<\/div>\n\t\t\t\t\t<\/div>\n\n\t\n\n<\/div>\n<div class=\"row row-collapse\"  id=\"row-1980159172\">\n\n\n\t<div id=\"col-1527307063\" class=\"col medium-4 small-6 large-4\"  >\n\t\t\t\t<div class=\"col-inner\"  >\n\t\t\t\n\t\t\t\n\n<h4>Nationality<\/h4>\n\n\t\t<\/div>\n\t\t\t\t\t<\/div>\n\n\t\n\n\t<div id=\"col-1721518610\" class=\"col medium-8 small-6 large-8\"  >\n\t\t\t\t<div class=\"col-inner\"  >\n\t\t\t\n\t\t\t<ul><li>Polish<\/li><\/ul>\n\n\n\n\n\n\n\t\t<\/div>\n\t\t\t\t\t<\/div>\n\n\t\n\n<\/div>\n<div class=\"row row-collapse\"  id=\"row-1223131579\">\n\n\n\t<div id=\"col-1147299822\" class=\"col medium-4 small-6 large-4\"  >\n\t\t\t\t<div class=\"col-inner\"  >\n\t\t\t\n\t\t\t\n\n<h4>Languages<\/h4>\n\n\t\t<\/div>\n\t\t\t\t\t<\/div>\n\n\t\n\n\t<div id=\"col-2037894570\" class=\"col medium-8 small-6 large-8\"  >\n\t\t\t\t<div class=\"col-inner\"  >\n\t\t\t\n\t\t\t<ul><li>English<\/li><li>German<\/li><\/ul>\n\n\n\n\n\n\n\t\t<\/div>\n\t\t\t\t\t<\/div>\n\n\t\n\n<\/div>\n<div class=\"row row-collapse\"  id=\"row-1226278476\">\n\n\n\t<div id=\"col-767025386\" class=\"col medium-4 small-12 large-4\"  >\n\t\t\t\t<div class=\"col-inner\"  >\n\t\t\t\n\t\t\t\n\n<h4>Specializations<\/h4>\n\n\t\t<\/div>\n\t\t\t\t\t<\/div>\n\n\t\n\n\t<div id=\"col-1988782225\" class=\"col medium-8 small-12 large-8\"  >\n\t\t\t\t<div class=\"col-inner\"  >\n\t\t\t\n\t\t\t<ul><li>advertising law<\/li><li>agency distribution franchising<\/li><li>commercial agreements in general<\/li><li>competition<\/li><li>copyright<\/li><li>creative and technological industries<\/li><li>industrial property law<\/li><li>intellectual property law<\/li><li>IT<\/li><li>media<\/li><li>personal rights<\/li><li>unfair competition<\/li><\/ul>\n\n\n\n\n\n\n\t\t<\/div>\n\t\t\t\t\t<\/div>\n\n\t\n\n<\/div>\n<div class=\"row row-collapse\"  id=\"row-2016919512\">\n\n\n\t<div id=\"col-859196316\" class=\"col medium-4 small-12 large-4\"  >\n\t\t\t\t<div class=\"col-inner\"  >\n\t\t\t\n\t\t\t\n\n<h4>Professional certification<\/h4>\n<h4>&nbsp;<\/h4>\n<h4>Website<\/h4>\n\n\t\t<\/div>\n\t\t\t\t\t<\/div>\n\n\t\n\n\t<div id=\"col-1610102394\" class=\"col medium-8 small-12 large-8\"  >\n\t\t\t\t<div class=\"col-inner\"  >\n\t\t\t\n\t\t\t\n\n<p>attorney-at-law, patent attorney<\/p>\n<p>\u00a0<\/p>\n<p>\u00a0<\/p>\n<p><a href=\"http:\/\/ipboutique.pl\">http:\/\/ipboutique.pl<\/a><\/p>\n\n\t\t<\/div>\n\t\t\t\t\t<\/div>\n\n\t\n\n<\/div>\n\n\t\t<\/div>\n\t\t\t\t\t<\/div>\n\n\t\n\n\t<div id=\"col-463096310\" class=\"col medium-3 small-12 large-3 small-col-first\"  >\n\t\t\t\t<div class=\"col-inner\"  >\n\t\t\t\n\t\t\t\n\n\t<div class=\"box has-hover   has-hover box-text-bottom\" >\n\n\t\t<div class=\"box-image\" style=\"border-radius:49%;\">\n\t\t\t\t\t\t<div class=\"image-cover\" style=\"padding-top:100%;\">\n\t\t\t\t<img loading=\"lazy\" decoding=\"async\" width=\"800\" height=\"769\" src=\"https:\/\/sadarbitrazowy.org.pl\/en\/wp-content\/uploads\/sites\/4\/2024\/12\/Joanna-Matczuk-zdjecie.png\" class=\"attachment-original size-original\" alt=\"\" srcset=\"https:\/\/sadarbitrazowy.org.pl\/en\/wp-content\/uploads\/sites\/4\/2024\/12\/Joanna-Matczuk-zdjecie.png 800w, https:\/\/sadarbitrazowy.org.pl\/en\/wp-content\/uploads\/sites\/4\/2024\/12\/Joanna-Matczuk-zdjecie-768x738.png 768w\" sizes=\"(max-width: 800px) 100vw, 800px\" \/>\t\t\t\t\t\t\t\t\t\t\t<\/div>\n\t\t\t\t\t<\/div>\n\n\t\t<div class=\"box-text text-center\" >\n\t\t\t<div class=\"box-text-inner\">\n\t\t\t\t\n\n\n\t\t\t<\/div>\n\t\t<\/div>\n\t<\/div>\n\t\n\n\t\t<\/div>\n\t\t\t\t\t<\/div>\n\n\t\n\n<\/div>\n\n\t\t<\/div>\n\t\t\t\t\t<\/div>\n\n\t\n\n\t<div id=\"col-309086703\" class=\"col hide-for-small medium-1 small-12 large-1\"  >\n\t\t\t\t<div class=\"col-inner\"  >\n\t\t\t\n\t\t\t\n\n\n\t\t<\/div>\n\t\t\t\t\t<\/div>\n\n\t\n\n<\/div>\n<div class=\"row row-collapse align-center\"  id=\"row-1035875753\">\n\n\n\t<div id=\"col-916224996\" class=\"col hide-for-small medium-1 small-12 large-3\"  >\n\t\t\t\t<div class=\"col-inner\"  >\n\t\t\t\n\t\t\t\n\n\n\t\t<\/div>\n\t\t\t\t\t<\/div>\n\n\t\n\n\t<div id=\"col-2075404765\" class=\"col arbiter-bio medium-10 small-12 large-8\"  >\n\t\t\t\t<div class=\"col-inner\"  >\n\t\t\t\n\t\t\t\n\n<h4>Education<\/h4>\n<ul>\n<li>Polish Patent and Trademark Attorneys Chamber \u2013 patent attorney\u2019s course (2016-2018);<\/li>\n<li>Advocates\u2019 Chamber in Warsaw \u2013 advocate\u2019s course (2009-2012);<\/li>\n<li>University of Wroc\u0142aw, Faculty of Law, Administration and Economics \u2013 Ph.D.\/ Doctor of Laws (2019);<\/li>\n<li>Queen Mary University of London \u2013 Master of Laws (LL.M.) in Intellectual Property (2012-2013);<\/li>\n<li>University of Wroc\u0142aw \/ Humboldt Universit\u00e4t zu Berlin \u2013 School of German Law (2005-2006);<\/li>\n<li>Universit\u00e4t Mannheim Faculty of Law \u2013 Socrates \u2013 Erasmus Programme (2005-2006);<\/li>\n<li>University of Wroc\u0142aw, Faculty of Law, Administration and Economics \u2013 Master of Laws (2002-2007).<\/li>\n<\/ul>\n<h4>Professional career<\/h4>\n<p style=\"padding-left: 40px\"><strong>IP Boutique \u2012 Joanna Matczuk Kancelaria Adwokata i Rzecznika Patentowego \u2012 Owner<\/strong> \u2212sole proprietorship, patent attorney and attorney-at-law;<\/p>\n<p style=\"padding-left: 40px\">legal services for technological and creative industries, running projects in the field of intellectual property and new technologies, registrations of IP rights, representating clients before the Polish Patent Office, EUIPO and WIPO, intellectual property management, Internet law, e-commerce, litigation <br \/>January 2014 \u2013 currently<br \/>various IP cases, registration of IPR, IP management<\/p>\n<p style=\"padding-left: 40px\"><strong>esb Matczuk, Matuszak-Le\u015bny Adwokaci i Radcowie Prawni sp.p., Warsaw \u2013 Managing Partner<\/strong> October 2017 \u2013 February 2020<\/p>\n<p style=\"padding-left: 40px\">management of the Intellectual Property\u2019s area in the law firm, intellectual property, including industrial property (trademarks, industrial designs), IT and new technologies, Internet law, personal data<\/p>\n<p style=\"padding-left: 40px\"><strong>S\u00f3jka Maciak Mataczy\u0144ski Adwokaci sp.k., Warsaw \u2212 Partner<\/strong> July 2016 \u2013 July 2017<\/p>\n<p style=\"padding-left: 40px\">co-management of the Intellectual Property Department, commercialization of intellectual property, R&amp;D, support for entrepreneurs and litigation in the field of copyrights, support for IT implementations and new technologies, personal data, trademarks, unfair competition, legal support for NCBiR\u2019s projects and technology parks<\/p>\n<p style=\"padding-left: 40px\"><strong>New Media Ventures sp. z o. o., Warsaw \u2212 Head of Legal<\/strong> September 2014 \u2013 February 2018<\/p>\n<p style=\"padding-left: 40px\">management of the Legal Department, ongoing services for the company covering all aspects of its activities, Internet law, e-commerce, B2C area, consumer law, intellectual property, new technologies, IT, Big Data, media law, marketing and advertising<\/p>\n<p style=\"padding-left: 40px\"><strong>Bartkowiak Wojciechowski Ha\u0142upczak Springer sp.j. Warsaw \u2212 Senior Associate<\/strong> May 2014 \u2013 June 2016<\/p>\n<p style=\"padding-left: 40px\">investor agreements, due diligence of technology companies, technology transfers, consulting for investment funds, services for entities from creative industries, intellectual property, IT, new technologies, Internet law, civil law, commercial law<\/p>\n<p style=\"padding-left: 40px\"><strong>Drzewiecki, Tomaszek i Wsp\u00f3lnicy sp. k., Warsaw \u2013 Associate (Aplikant adwokacki)<\/strong> September 2010 \u2013 September 2012<\/p>\n<p style=\"padding-left: 40px\">court proceedings, intellectual property, unfair competition, commercial law, civil law, Internet law, personal data protection<\/p>\n<p style=\"padding-left: 40px\"><strong>ICAN Sp\u00f3\u0142ka z ograniczona odpowiedzialno\u015bci\u0105 Sp.k. (Harvard Business Review Polska Publisher), Warsaw &#8211; In house lawyer<\/strong> May 2009 \u2013 January 2012<\/p>\n<p style=\"padding-left: 40px\">creation of the Legal Department, day-to-day services for the company covering all aspects of its operations, intellectual property, new technologies, media law, IT, marketing and advertising, personal data protection, unfair competition, databases, license agreements, litigation<\/p>\n<p style=\"padding-left: 40px\"><strong>Selected internships abroad<\/strong><\/p>\n<p style=\"padding-left: 40px\">Claim Today Solicitors &#8211; Personal Injury Specialists, Birmingham (02\/2008 \u2013 05\/2008); GLDP \u2013G\u00fctter Maier Damm &amp; Partner \u2013 Law Firm, Mannheim (08\/2007 \u2013 10\/2007); legal internship in courts and offices in London inter alia Central Court, Centre for Effective Dispute Resolution (CEDR) (08\/2006);<\/p>\n<p style=\"padding-left: 40px\">Kompleksowa praktyka \u2013 courts and state authorities in Mannheim (08\/2006)<\/p>\n<h4 class=\"arbitrator-exp-heading\">Membership in organizations<\/h4>\n<ul>\n<li>Warsaw Bar Association (attorney-at-law);<\/li>\n<li>Polish Chamber of Patent Attorneys (Patent Attorney);<\/li>\n<li>Vice-President of the Industrial Property Law Section at the District Bar Council in Warsaw (2017 &#8211; present);<\/li>\n<li>Member of the Editorial Board of European Copyright and Design Reports (2015 &#8211; currently).<\/li>\n<\/ul>\n<h4>Publications<\/h4>\n<ol>\n<li>The Principle of Dichotomy in Literary Works, monography, Beck, Warsaw 2020.<\/li>\n<li>The Right to Culture vs. Copyright &#8211; Inevitable Conflict or Hope for Conciliation?, Scientific Journals of the Jagiellonian University, No. 2015\/1, pp. 36-51.<\/li>\n<li>The legality of patent settlements on the U.S. market in the light of the law competition, Wroc\u0142aw Court Studies, July-September 3\/2014, p. 45.<\/li>\n<li>E-death and what&#8217;s next?, European Law in Practice, No. 8 (110) August 2013, p. 59.<\/li>\n<li>Live streaming according to the CJEU, or what is hidden under the guise of public sharing?<\/li>\n<li>European Law in Practice, No. 67 (108\/109) June\/July 2013, p. 77.<\/li>\n<\/ol>\n<p>\u00a0<\/p>\n\n\t\t<\/div>\n\t\t\t\t\t<\/div>\n\n\t\n\n\t<div id=\"col-649120623\" class=\"col hide-for-small medium-1 small-12 large-1\"  >\n\t\t\t\t<div class=\"col-inner\"  >\n\t\t\t\n\t\t\t\n\n\n\t\t<\/div>\n\t\t\t\t\t<\/div>\n\n\t\n\n<\/div>\n\n","protected":false},"excerpt":{"rendered":"","protected":false},"author":4,"featured_media":567,"parent":2328,"menu_order":16,"comment_status":"closed","ping_status":"closed","template":"","meta":{"footnotes":""},"jezyki":[18,23],"specjalizacje":[220,154,27,28,215,221,216,71,173,218,219,217],"narodowosc":[12],"class_list":["post-2872","page","type-page","status-publish","has-post-thumbnail","hentry","jezyki-english","jezyki-german","specjalizacje-advertising-law","specjalizacje-agency-distribution-franchising","specjalizacje-commercial-agreements-in-general","specjalizacje-competition","specjalizacje-copyright","specjalizacje-creative-and-technological-industries","specjalizacje-industrial-property-law","specjalizacje-intellectual-property-law","specjalizacje-it","specjalizacje-media","specjalizacje-personal-rights","specjalizacje-unfair-competition","narodowosc-polish"],"aioseo_notices":[],"_links":{"self":[{"href":"https:\/\/sadarbitrazowy.org.pl\/en\/wp-json\/wp\/v2\/pages\/2872"}],"collection":[{"href":"https:\/\/sadarbitrazowy.org.pl\/en\/wp-json\/wp\/v2\/pages"}],"about":[{"href":"https:\/\/sadarbitrazowy.org.pl\/en\/wp-json\/wp\/v2\/types\/page"}],"author":[{"embeddable":true,"href":"https:\/\/sadarbitrazowy.org.pl\/en\/wp-json\/wp\/v2\/users\/4"}],"replies":[{"embeddable":true,"href":"https:\/\/sadarbitrazowy.org.pl\/en\/wp-json\/wp\/v2\/comments?post=2872"}],"version-history":[{"count":6,"href":"https:\/\/sadarbitrazowy.org.pl\/en\/wp-json\/wp\/v2\/pages\/2872\/revisions"}],"predecessor-version":[{"id":2900,"href":"https:\/\/sadarbitrazowy.org.pl\/en\/wp-json\/wp\/v2\/pages\/2872\/revisions\/2900"}],"up":[{"embeddable":true,"href":"https:\/\/sadarbitrazowy.org.pl\/en\/wp-json\/wp\/v2\/pages\/2328"}],"wp:featuredmedia":[{"embeddable":true,"href":"https:\/\/sadarbitrazowy.org.pl\/en\/wp-json\/wp\/v2\/media\/567"}],"wp:attachment":[{"href":"https:\/\/sadarbitrazowy.org.pl\/en\/wp-json\/wp\/v2\/media?parent=2872"}],"wp:term":[{"taxonomy":"jezyki","embeddable":true,"href":"https:\/\/sadarbitrazowy.org.pl\/en\/wp-json\/wp\/v2\/jezyki?post=2872"},{"taxonomy":"specjalizacje","embeddable":true,"href":"https:\/\/sadarbitrazowy.org.pl\/en\/wp-json\/wp\/v2\/specjalizacje?post=2872"},{"taxonomy":"narodowosc","embeddable":true,"href":"https:\/\/sadarbitrazowy.org.pl\/en\/wp-json\/wp\/v2\/narodowosc?post=2872"}],"curies":[{"name":"wp","href":"https:\/\/api.w.org\/{rel}","templated":true}]}}