{"id":2880,"date":"2024-12-11T18:38:29","date_gmt":"2024-12-11T17:38:29","guid":{"rendered":"https:\/\/sadarbitrazowy.org.pl\/en\/?page_id=2880"},"modified":"2024-12-11T18:38:30","modified_gmt":"2024-12-11T17:38:30","slug":"anna-kruszewska","status":"publish","type":"page","link":"https:\/\/sadarbitrazowy.org.pl\/en\/court-of-arbitration\/list-of-recommended-arbitrators-for-the-creative-market-and-culture\/anna-kruszewska\/","title":{"rendered":"Anna Kruszewska"},"content":{"rendered":"\n  <div id=\"page-header-1402300529\" class=\"page-header-wrapper\">\n  <div class=\"page-title dark featured-title\">\n\n        <div class=\"page-title-bg\">\n      <div class=\"title-bg fill bg-fill\"\n        data-parallax-container=\".page-title\"\n        data-parallax-background\n        data-parallax=\"-\">\n      <\/div>\n      <div class=\"title-overlay fill\"><\/div>\n    <\/div>\n    \n    <div class=\"page-title-inner container align-bottom flex-row medium-flex-wrap\" >\n              <div class=\"title-wrapper is-xlarge flex-col text-left medium-text-center\">\n          <h1 class=\"entry-title mb-0\">\n            Anna Kruszewska          <\/h1>\n        <\/div>\n                    <div class=\"title-content flex-col flex-right text-right medium-text-center\">\n        <div class=\"title-breadcrumbs pb-half pt-half\"><\/div>      <\/div>\n    <\/div>\n\n     \n<style>\n#page-header-1402300529 .page-title-inner {\n  min-height: 22vh;\n}\n#page-header-1402300529 {\n  margin-bottom: 10px;\n}\n#page-header-1402300529 .title-bg {\n  background-image: url(https:\/\/sadarbitrazowy.org.pl\/en\/wp-content\/uploads\/sites\/4\/2022\/09\/IMG_20220928_124557-scaled.jpg);\n  background-position: 0% 25%;\n}\n#page-header-1402300529 .title-overlay {\n  background-color: rgba(0, 0, 0, 0.3);\n}\n#page-header-1402300529 .featured-title {\n  background-color: rgb(0,0,0);\n}\n<\/style>\n  <\/div>\n    <\/div>\n  \n\n<div class=\"row row-collapse\"  id=\"row-597356391\">\n\n\n\t<div id=\"col-1534725656\" class=\"col hide-for-small medium-1 small-12 large-3\"  >\n\t\t\t\t<div class=\"col-inner\"  >\n\t\t\t\n\t\t\t\n\n\n\t\t<\/div>\n\t\t\t\t\t<\/div>\n\n\t\n\n\t<div id=\"col-565182504\" class=\"col medium-10 small-12 large-8\"  >\n\t\t\t\t<div class=\"col-inner\"  >\n\t\t\t\n\t\t\t\n\n\n\n<div class=\"aioseo-breadcrumbs\"><span class=\"aioseo-breadcrumb\">\n\tHomepage\n<\/span><\/div>\n\n\n\t\t<\/div>\n\t\t\t\t\t<\/div>\n\n\t\n\n\t<div id=\"col-1981212141\" class=\"col hide-for-small medium-1 small-12 large-1\"  >\n\t\t\t\t<div class=\"col-inner\"  >\n\t\t\t\n\t\t\t\n\n\n\t\t<\/div>\n\t\t\t\t\t<\/div>\n\n\t\n\n<\/div>\n\t<div id=\"gap-942470606\" class=\"gap-element clearfix\" style=\"display:block; height:auto;\">\n\t\t\n<style>\n#gap-942470606 {\n  padding-top: 80px;\n}\n<\/style>\n\t<\/div>\n\t\n\n<div class=\"row row-collapse align-center\"  id=\"row-393299348\">\n\n\n\t<div id=\"col-946538768\" class=\"col hide-for-small medium-1 small-12 large-3\"  >\n\t\t\t\t<div class=\"col-inner\"  >\n\t\t\t\n\t\t\t\n\n\n\t\t<\/div>\n\t\t\t\t\t<\/div>\n\n\t\n\n\t<div id=\"col-691973946\" class=\"col arbiter-tabela medium-10 small-12 large-8\"  >\n\t\t\t\t<div class=\"col-inner\"  >\n\t\t\t\n\t\t\t\n\n<div class=\"row row-collapse\"  id=\"row-1280853905\">\n\n\n\t<div id=\"col-512184292\" class=\"col medium-9 small-12 large-9\"  >\n\t\t\t\t<div class=\"col-inner\"  >\n\t\t\t\n\t\t\t\n\n<div class=\"row row-collapse\"  id=\"row-583638112\">\n\n\n\t<div id=\"col-1214458606\" class=\"col small-6 large-12\"  >\n\t\t\t\t<div class=\"col-inner\"  >\n\t\t\t\n\t\t\t\n\n<h2>Anna Kruszewska<\/h2>\n\n\t\t<\/div>\n\t\t\t\t\t<\/div>\n\n\t\n\n<\/div>\n<div class=\"row row-collapse\"  id=\"row-691443478\">\n\n\n\t<div id=\"col-369841458\" class=\"col medium-4 small-6 large-4\"  >\n\t\t\t\t<div class=\"col-inner\"  >\n\t\t\t\n\t\t\t\n\n<h4>Year of birth<\/h4>\n\n\t\t<\/div>\n\t\t\t\t\t<\/div>\n\n\t\n\n\t<div id=\"col-980756593\" class=\"col medium-8 small-6 large-8\"  >\n\t\t\t\t<div class=\"col-inner\"  >\n\t\t\t\n\t\t\t\n\n<p>1984<\/p>\n\n\t\t<\/div>\n\t\t\t\t\t<\/div>\n\n\t\n\n<\/div>\n<div class=\"row row-collapse\"  id=\"row-860029075\">\n\n\n\t<div id=\"col-1867673962\" class=\"col medium-4 small-6 large-4\"  >\n\t\t\t\t<div class=\"col-inner\"  >\n\t\t\t\n\t\t\t\n\n<h4>Nationality<\/h4>\n\n\t\t<\/div>\n\t\t\t\t\t<\/div>\n\n\t\n\n\t<div id=\"col-953129333\" class=\"col medium-8 small-6 large-8\"  >\n\t\t\t\t<div class=\"col-inner\"  >\n\t\t\t\n\t\t\t<ul><li>Polish<\/li><\/ul>\n\n\n\n\n\n\n\t\t<\/div>\n\t\t\t\t\t<\/div>\n\n\t\n\n<\/div>\n<div class=\"row row-collapse\"  id=\"row-1191739282\">\n\n\n\t<div id=\"col-744640528\" class=\"col medium-4 small-6 large-4\"  >\n\t\t\t\t<div class=\"col-inner\"  >\n\t\t\t\n\t\t\t\n\n<h4>Languages<\/h4>\n\n\t\t<\/div>\n\t\t\t\t\t<\/div>\n\n\t\n\n\t<div id=\"col-800756312\" class=\"col medium-8 small-6 large-8\"  >\n\t\t\t\t<div class=\"col-inner\"  >\n\t\t\t\n\t\t\t<ul><li>English<\/li><\/ul>\n\n\n\n\n\n\n\t\t<\/div>\n\t\t\t\t\t<\/div>\n\n\t\n\n<\/div>\n<div class=\"row row-collapse\"  id=\"row-691999332\">\n\n\n\t<div id=\"col-225413593\" class=\"col medium-4 small-12 large-4\"  >\n\t\t\t\t<div class=\"col-inner\"  >\n\t\t\t\n\t\t\t\n\n<h4>Specializations<\/h4>\n\n\t\t<\/div>\n\t\t\t\t\t<\/div>\n\n\t\n\n\t<div id=\"col-1963587871\" class=\"col medium-8 small-12 large-8\"  >\n\t\t\t\t<div class=\"col-inner\"  >\n\t\t\t\n\t\t\t<ul><li>intellectual property law<\/li><li>media and new technologies<\/li><\/ul>\n\n\n\n\n\n\n\t\t<\/div>\n\t\t\t\t\t<\/div>\n\n\t\n\n<\/div>\n<div class=\"row row-collapse\"  id=\"row-1704636792\">\n\n\n\t<div id=\"col-1319723247\" class=\"col medium-4 small-12 large-4\"  >\n\t\t\t\t<div class=\"col-inner\"  >\n\t\t\t\n\t\t\t\n\n<h4>Professional certification<\/h4>\n<h4>&nbsp;<\/h4>\n<h4>Website<\/h4>\n\n\t\t<\/div>\n\t\t\t\t\t<\/div>\n\n\t\n\n\t<div id=\"col-999220098\" class=\"col medium-8 small-12 large-8\"  >\n\t\t\t\t<div class=\"col-inner\"  >\n\t\t\t\n\t\t\t\n\n<p>attorney at law<\/p>\n<p>\u00a0<\/p>\n<p>\u00a0<\/p>\n<p><a href=\"https:\/\/www.linkedin.com\/in\/anna-kruszewska-a085a470\/\">https:\/\/www.linkedin.com\/in\/anna-kruszewska-a085a470\/<\/a><\/p>\n\n\t\t<\/div>\n\t\t\t\t\t<\/div>\n\n\t\n\n<\/div>\n\n\t\t<\/div>\n\t\t\t\t\t<\/div>\n\n\t\n\n\t<div id=\"col-728309035\" class=\"col medium-3 small-12 large-3 small-col-first\"  >\n\t\t\t\t<div class=\"col-inner\"  >\n\t\t\t\n\t\t\t\n\n\t<div class=\"box has-hover   has-hover box-text-bottom\" >\n\n\t\t<div class=\"box-image\" style=\"border-radius:49%;\">\n\t\t\t\t\t\t<div class=\"image-cover\" style=\"padding-top:100%;\">\n\t\t\t\t<img loading=\"lazy\" decoding=\"async\" width=\"770\" height=\"677\" src=\"https:\/\/sadarbitrazowy.org.pl\/en\/wp-content\/uploads\/sites\/4\/2024\/12\/ANNA-KRUSZEWSKA-zdjecie.jpg\" class=\"attachment-original size-original\" alt=\"\" srcset=\"https:\/\/sadarbitrazowy.org.pl\/en\/wp-content\/uploads\/sites\/4\/2024\/12\/ANNA-KRUSZEWSKA-zdjecie.jpg 770w, https:\/\/sadarbitrazowy.org.pl\/en\/wp-content\/uploads\/sites\/4\/2024\/12\/ANNA-KRUSZEWSKA-zdjecie-768x675.jpg 768w\" sizes=\"(max-width: 770px) 100vw, 770px\" \/>\t\t\t\t\t\t\t\t\t\t\t<\/div>\n\t\t\t\t\t<\/div>\n\n\t\t<div class=\"box-text text-center\" >\n\t\t\t<div class=\"box-text-inner\">\n\t\t\t\t\n\n\n\t\t\t<\/div>\n\t\t<\/div>\n\t<\/div>\n\t\n\n\t\t<\/div>\n\t\t\t\t\t<\/div>\n\n\t\n\n<\/div>\n\n\t\t<\/div>\n\t\t\t\t\t<\/div>\n\n\t\n\n\t<div id=\"col-2080327186\" class=\"col hide-for-small medium-1 small-12 large-1\"  >\n\t\t\t\t<div class=\"col-inner\"  >\n\t\t\t\n\t\t\t\n\n\n\t\t<\/div>\n\t\t\t\t\t<\/div>\n\n\t\n\n<\/div>\n<div class=\"row row-collapse align-center\"  id=\"row-630168436\">\n\n\n\t<div id=\"col-1358724111\" class=\"col hide-for-small medium-1 small-12 large-3\"  >\n\t\t\t\t<div class=\"col-inner\"  >\n\t\t\t\n\t\t\t\n\n\n\t\t<\/div>\n\t\t\t\t\t<\/div>\n\n\t\n\n\t<div id=\"col-1493324279\" class=\"col arbiter-bio medium-10 small-12 large-8\"  >\n\t\t\t\t<div class=\"col-inner\"  >\n\t\t\t\n\t\t\t\n\n<h4>Education<\/h4>\n<ul>\n<li>University of Warsaw, Faculty of Law and Administration (summa cum laude, 2009);<\/li>\n<li>Cardiff University, Faculty of Law, Certificate of Higher Education in Legal Studies (2008);<\/li>\n<li>Centre for English and European Law organized at the University of Warsaw in cooperation with the University of Cambridge (2009);<\/li>\n<li>Centre for American Law at the Faculty of Law and Administration, University of Warsaw, co-organized with the Faculty of State Law, University of Florida (2006);<\/li>\n<li>Grotius Centre for Intellectual Property Rights in Krakow (2012);<\/li>\n<li>Leon Ko\u017ami\u0144ski Academy in Warsaw, postgraduate studies 'Law of Modern Technologies&#8217; (2015);<\/li>\n<li>Leon Ko\u017ami\u0144ski Academy in Warsaw, postgraduate studies 'Business. Ai: Technology, Law, Application of Artificial Intelligence&#8217;, (2021).<\/li>\n<li style=\"list-style-type: none\">\u00a0<\/li>\n<\/ul>\n<h4 class=\"arbitrator-exp-heading\">Professional career<\/h4>\n<ul>\n<li>Hasik Rheims and Partners, partner, head of media and entertainment practice, since 2015;<\/li>\n<li>Lach Janas Pa\u015bko Biernat Advocates and Counsels at Law, 2010- 2015, associate;<\/li>\n<li>Schillings, London, UK, 9.2010 &#8211; paralegal;<\/li>\n<li>Law office V. McFadyen P.A, Florida, USA, 2007- paralegal;<\/li>\n<li>Marek Wierzbowski-Doradcy, 2006 &#8211; trainee;<\/li>\n<li>Sobolewska i Wsp\u00f3lnicy- Doradcy Prawni Sp\u00f3\u0142ka Komandytowa, 2004&#8211; trainee.<\/li>\n<\/ul>\n<ul>\n<li style=\"list-style-type: none\">\u00a0<\/li>\n<\/ul>\n<h4 class=\"arbitrator-exp-heading\">Membership in organizations<\/h4>\n<ul>\n<li>District Chamber of Legal Advisers in Warsaw (since 2013).<\/li>\n<\/ul>\n<h4>Publications<\/h4>\n<ol>\n<li>Copyright law in cultural institutions, CH Beck 2019, co-author;<\/li>\n<li><span style=\"color: #555555\">Industrial Property Law. Commentary, ed. by Arkadiusz Michalak, CH Beck 2016, co-author.<\/span><\/li>\n<\/ol>\n<h4>\u00a0<\/h4>\n<p>\u00a0<\/p>\n\n\t\t<\/div>\n\t\t\t\t\t<\/div>\n\n\t\n\n\t<div id=\"col-2036738596\" class=\"col hide-for-small medium-1 small-12 large-1\"  >\n\t\t\t\t<div class=\"col-inner\"  >\n\t\t\t\n\t\t\t\n\n\n\t\t<\/div>\n\t\t\t\t\t<\/div>\n\n\t\n\n<\/div>\n\n","protected":false},"excerpt":{"rendered":"","protected":false},"author":4,"featured_media":567,"parent":2328,"menu_order":11,"comment_status":"closed","ping_status":"closed","template":"","meta":{"footnotes":""},"jezyki":[18],"specjalizacje":[71,57],"narodowosc":[12],"class_list":["post-2880","page","type-page","status-publish","has-post-thumbnail","hentry","jezyki-english","specjalizacje-intellectual-property-law","specjalizacje-media-and-new-technologies","narodowosc-polish"],"aioseo_notices":[],"_links":{"self":[{"href":"https:\/\/sadarbitrazowy.org.pl\/en\/wp-json\/wp\/v2\/pages\/2880"}],"collection":[{"href":"https:\/\/sadarbitrazowy.org.pl\/en\/wp-json\/wp\/v2\/pages"}],"about":[{"href":"https:\/\/sadarbitrazowy.org.pl\/en\/wp-json\/wp\/v2\/types\/page"}],"author":[{"embeddable":true,"href":"https:\/\/sadarbitrazowy.org.pl\/en\/wp-json\/wp\/v2\/users\/4"}],"replies":[{"embeddable":true,"href":"https:\/\/sadarbitrazowy.org.pl\/en\/wp-json\/wp\/v2\/comments?post=2880"}],"version-history":[{"count":2,"href":"https:\/\/sadarbitrazowy.org.pl\/en\/wp-json\/wp\/v2\/pages\/2880\/revisions"}],"predecessor-version":[{"id":2883,"href":"https:\/\/sadarbitrazowy.org.pl\/en\/wp-json\/wp\/v2\/pages\/2880\/revisions\/2883"}],"up":[{"embeddable":true,"href":"https:\/\/sadarbitrazowy.org.pl\/en\/wp-json\/wp\/v2\/pages\/2328"}],"wp:featuredmedia":[{"embeddable":true,"href":"https:\/\/sadarbitrazowy.org.pl\/en\/wp-json\/wp\/v2\/media\/567"}],"wp:attachment":[{"href":"https:\/\/sadarbitrazowy.org.pl\/en\/wp-json\/wp\/v2\/media?parent=2880"}],"wp:term":[{"taxonomy":"jezyki","embeddable":true,"href":"https:\/\/sadarbitrazowy.org.pl\/en\/wp-json\/wp\/v2\/jezyki?post=2880"},{"taxonomy":"specjalizacje","embeddable":true,"href":"https:\/\/sadarbitrazowy.org.pl\/en\/wp-json\/wp\/v2\/specjalizacje?post=2880"},{"taxonomy":"narodowosc","embeddable":true,"href":"https:\/\/sadarbitrazowy.org.pl\/en\/wp-json\/wp\/v2\/narodowosc?post=2880"}],"curies":[{"name":"wp","href":"https:\/\/api.w.org\/{rel}","templated":true}]}}