{"id":425,"date":"2022-09-15T11:43:12","date_gmt":"2022-09-15T09:43:12","guid":{"rendered":"http:\/\/testowa.sadarbitrazowy.org.pl\/en\/?page_id=425"},"modified":"2024-08-09T10:07:34","modified_gmt":"2024-08-09T08:07:34","slug":"arbitration-committee","status":"publish","type":"page","link":"https:\/\/sadarbitrazowy.org.pl\/en\/court-of-arbitration\/arbitration-committee\/","title":{"rendered":"Arbitration Committee"},"content":{"rendered":"\n  <div id=\"page-header-1451590287\" class=\"page-header-wrapper\">\n  <div class=\"page-title dark featured-title\">\n\n        <div class=\"page-title-bg\">\n      <div class=\"title-bg fill bg-fill\"\n        data-parallax-container=\".page-title\"\n        data-parallax-background\n        data-parallax=\"-\">\n      <\/div>\n      <div class=\"title-overlay fill\"><\/div>\n    <\/div>\n    \n    <div class=\"page-title-inner container align-bottom flex-row medium-flex-wrap\" >\n              <div class=\"title-wrapper is-xlarge flex-col text-left medium-text-center\">\n          <h1 class=\"entry-title mb-0\">\n            Arbitration Committee          <\/h1>\n        <\/div>\n                    <div class=\"title-content flex-col flex-right text-right medium-text-center\">\n        <div class=\"title-breadcrumbs pb-half pt-half\"><\/div>      <\/div>\n    <\/div>\n\n     \n<style>\n#page-header-1451590287 .page-title-inner {\n  min-height: 22vh;\n}\n#page-header-1451590287 {\n  margin-bottom: 10px;\n}\n#page-header-1451590287 .title-bg {\n  background-image: url(https:\/\/sadarbitrazowy.org.pl\/en\/wp-content\/uploads\/sites\/4\/2022\/08\/AdobeStock_521791054.jpeg);\n  background-position: 0% 25%;\n}\n#page-header-1451590287 .title-overlay {\n  background-color: rgba(0, 0, 0, 0.3);\n}\n#page-header-1451590287 .featured-title {\n  background-color: rgb(0,0,0);\n}\n<\/style>\n  <\/div>\n    <\/div>\n  \n\n<div class=\"row row-collapse\"  id=\"row-860780063\">\n\n\n\t<div id=\"col-369325447\" class=\"col hide-for-small medium-1 small-12 large-3\"  >\n\t\t\t\t<div class=\"col-inner\"  >\n\t\t\t\n\t\t\t\n\n\n\t\t<\/div>\n\t\t\t\t\t<\/div>\n\n\t\n\n\t<div id=\"col-101012913\" class=\"col medium-10 small-12 large-8\"  >\n\t\t\t\t<div class=\"col-inner\"  >\n\t\t\t\n\t\t\t\n\n\n\n<div class=\"aioseo-breadcrumbs\"><span class=\"aioseo-breadcrumb\">\n\tHomepage\n<\/span><\/div>\n\n\n\t\t<\/div>\n\t\t\t\t\t<\/div>\n\n\t\n\n\t<div id=\"col-1160786907\" class=\"col hide-for-small medium-1 small-12 large-1\"  >\n\t\t\t\t<div class=\"col-inner\"  >\n\t\t\t\n\t\t\t\n\n\n\t\t<\/div>\n\t\t\t\t\t<\/div>\n\n\t\n\n<\/div>\n\t<div id=\"gap-1092216262\" class=\"gap-element clearfix\" style=\"display:block; height:auto;\">\n\t\t\n<style>\n#gap-1092216262 {\n  padding-top: 80px;\n}\n<\/style>\n\t<\/div>\n\t\n\n<div class=\"row row-collapse align-center\"  id=\"row-22757210\">\n\n\n\t<div id=\"col-433105291\" class=\"col medium-1 small-12 large-3\"  >\n\t\t\t\t<div class=\"col-inner\"  >\n\t\t\t\n\t\t\t\n\n\n\t\t<\/div>\n\t\t\t\t\t<\/div>\n\n\t\n\n\t<div id=\"col-1816098601\" class=\"col medium-10 small-12 large-8\"  >\n\t\t\t\t<div class=\"col-inner\"  >\n\t\t\t\n\t\t\t\n\n<p>The Court of Arbitration is managed by the <strong>Arbitration Committee<\/strong>, which is composed of the <strong>Court of Arbitration President<\/strong>, three <strong>Vice-Presidents<\/strong> and the <strong>Members<\/strong>.<\/p>\n<p>The Court of Arbitration President represents the Court and performs other functions specified in the <a href=\"\/en\/arbitration\/rules-of-the-court-of-arbitration\/\">Court Rules<\/a>. The Court of Arbitration Vice Presidents or members of Arbitration Committee act as its President deputies in handling matters entrusted to them by the Court President or the Court Arbitration Committee.<\/p>\n<p>The <strong>Arbitration Committee<\/strong> adopts resolutions by majority of votes of all its members present at session.<\/p>\n<p>&nbsp;<\/p>\n<div class=\"row\"  id=\"row-1384291975\">\n\n\n\t<div id=\"col-2139876232\" class=\"col medium-6 small-12 large-6\"  >\n\t\t\t\t<div class=\"col-inner\"  >\n\t\t\t\n\t\t\t\n\n<h3>Honorary President<\/h3>\n<p>dr Beata Gessel-Kalinowska vel Kalisz<\/p>\n<h3>President<\/h3>\n<p>Marcin As\u0142anowicz<\/p>\n<h3>Vice-presidents<\/h3>\n<p>Rafa\u0142 Kos<br>Katarzyna Micha\u0142owska<br>Pawe\u0142 Pietkiewicz<\/p>\n\n\t\t<\/div>\n\t\t\t\t\t<\/div>\n\n\t\n\n\t<div id=\"col-2104605811\" class=\"col medium-6 small-12 large-6\"  >\n\t\t\t\t<div class=\"col-inner\"  >\n\t\t\t\n\t\t\t\n\n<h3>Members of arbitration committee:<\/h3>\n<p>Pawe\u0142 Bukiel&nbsp;<br>Marcin Ciemi\u0144ski<br>Stanislaw Drozd<br>Maria Dudzi\u0144ska<br>Maciej Durbas<br>Anita Garnuszek<br>Tomasz Kapli\u0144ski<br>Marek Neumann&nbsp;<br>Piotr Olkowski&nbsp;<br>Aleksandra Orze\u0142-Jakubowska<br>Krzysztof Riedl<br>Pawe\u0142 Samborski<br>Stanis\u0142aw So\u0142tysik&nbsp;<br>Maciej \u015aluskarek<br>Ewelina W\u0119trys&nbsp;<br>Agnieszka Wierci\u0144ska-Ku\u017cewska<br>Jakub Wo\u0142kowicz&nbsp;<br>Pawe\u0142 Wysocki<br><br><\/p>\n\n\t\t<\/div>\n\t\t\t\t\t<\/div>\n\n\t\n\n<\/div>\n\n\t\t<\/div>\n\t\t\t\t\t<\/div>\n\n\t\n\n\t<div id=\"col-8925802\" class=\"col medium-1 small-12 large-1\"  >\n\t\t\t\t<div class=\"col-inner\"  >\n\t\t\t\n\t\t\t\n\n\n\t\t<\/div>\n\t\t\t\t\t<\/div>\n\n\t\n\n<\/div>\n","protected":false},"excerpt":{"rendered":"","protected":false},"author":1,"featured_media":280,"parent":655,"menu_order":8,"comment_status":"closed","ping_status":"closed","template":"","meta":{"footnotes":""},"jezyki":[],"specjalizacje":[],"narodowosc":[],"class_list":["post-425","page","type-page","status-publish","has-post-thumbnail","hentry"],"aioseo_notices":[],"_links":{"self":[{"href":"https:\/\/sadarbitrazowy.org.pl\/en\/wp-json\/wp\/v2\/pages\/425"}],"collection":[{"href":"https:\/\/sadarbitrazowy.org.pl\/en\/wp-json\/wp\/v2\/pages"}],"about":[{"href":"https:\/\/sadarbitrazowy.org.pl\/en\/wp-json\/wp\/v2\/types\/page"}],"author":[{"embeddable":true,"href":"https:\/\/sadarbitrazowy.org.pl\/en\/wp-json\/wp\/v2\/users\/1"}],"replies":[{"embeddable":true,"href":"https:\/\/sadarbitrazowy.org.pl\/en\/wp-json\/wp\/v2\/comments?post=425"}],"version-history":[{"count":17,"href":"https:\/\/sadarbitrazowy.org.pl\/en\/wp-json\/wp\/v2\/pages\/425\/revisions"}],"predecessor-version":[{"id":2761,"href":"https:\/\/sadarbitrazowy.org.pl\/en\/wp-json\/wp\/v2\/pages\/425\/revisions\/2761"}],"up":[{"embeddable":true,"href":"https:\/\/sadarbitrazowy.org.pl\/en\/wp-json\/wp\/v2\/pages\/655"}],"wp:featuredmedia":[{"embeddable":true,"href":"https:\/\/sadarbitrazowy.org.pl\/en\/wp-json\/wp\/v2\/media\/280"}],"wp:attachment":[{"href":"https:\/\/sadarbitrazowy.org.pl\/en\/wp-json\/wp\/v2\/media?parent=425"}],"wp:term":[{"taxonomy":"jezyki","embeddable":true,"href":"https:\/\/sadarbitrazowy.org.pl\/en\/wp-json\/wp\/v2\/jezyki?post=425"},{"taxonomy":"specjalizacje","embeddable":true,"href":"https:\/\/sadarbitrazowy.org.pl\/en\/wp-json\/wp\/v2\/specjalizacje?post=425"},{"taxonomy":"narodowosc","embeddable":true,"href":"https:\/\/sadarbitrazowy.org.pl\/en\/wp-json\/wp\/v2\/narodowosc?post=425"}],"curies":[{"name":"wp","href":"https:\/\/api.w.org\/{rel}","templated":true}]}}